{"id":286,"date":"2022-10-18T10:54:12","date_gmt":"2022-10-18T10:54:12","guid":{"rendered":"https:\/\/istanbulbariatrics.com.tr\/?page_id=13"},"modified":"2022-10-18T10:54:12","modified_gmt":"2022-10-18T10:54:12","slug":"morbid-obezite","status":"publish","type":"page","link":"https:\/\/mehmetaliyerdel.com\/?page_id=286","title":{"rendered":"Morbid Obezite"},"content":{"rendered":"\t\t<div data-elementor-type=\"wp-page\" data-elementor-id=\"286\" class=\"elementor elementor-286\">\n\t\t\t\t\t\t<section class=\"elementor-section elementor-top-section elementor-element elementor-element-d676a70 elementor-section-full_width elementor-section-stretched elementor-section-height-default elementor-section-height-default\" data-id=\"d676a70\" data-element_type=\"section\" data-settings=\"{&quot;stretch_section&quot;:&quot;section-stretched&quot;}\">\n\t\t\t\t\t\t<div class=\"elementor-container elementor-column-gap-wider\">\n\t\t\t\t\t<div class=\"elementor-column elementor-col-100 elementor-top-column elementor-element elementor-element-d57ed04\" data-id=\"d57ed04\" data-element_type=\"column\" data-settings=\"{&quot;background_background&quot;:&quot;classic&quot;}\">\n\t\t\t<div class=\"elementor-widget-wrap elementor-element-populated\">\n\t\t\t\t\t\t<section class=\"elementor-section elementor-inner-section elementor-element elementor-element-d3a90e6 elementor-section-boxed elementor-section-height-default elementor-section-height-default\" data-id=\"d3a90e6\" data-element_type=\"section\">\n\t\t\t\t\t\t<div class=\"elementor-container elementor-column-gap-default\">\n\t\t\t\t\t<div class=\"elementor-column elementor-col-100 elementor-inner-column elementor-element elementor-element-bd5e915\" data-id=\"bd5e915\" data-element_type=\"column\">\n\t\t\t<div class=\"elementor-widget-wrap elementor-element-populated\">\n\t\t\t\t\t\t<section class=\"elementor-section elementor-inner-section elementor-element elementor-element-c100ef7 elementor-section-boxed elementor-section-height-default elementor-section-height-default\" data-id=\"c100ef7\" data-element_type=\"section\">\n\t\t\t\t\t\t<div class=\"elementor-container elementor-column-gap-default\">\n\t\t\t\t\t<div class=\"elementor-column elementor-col-25 elementor-inner-column elementor-element elementor-element-8cbaae0\" data-id=\"8cbaae0\" data-element_type=\"column\">\n\t\t\t<div class=\"elementor-widget-wrap\">\n\t\t\t\t\t\t\t<\/div>\n\t\t<\/div>\n\t\t\t\t<div class=\"elementor-column elementor-col-50 elementor-inner-column elementor-element elementor-element-f71378a\" data-id=\"f71378a\" data-element_type=\"column\">\n\t\t\t<div class=\"elementor-widget-wrap elementor-element-populated\">\n\t\t\t\t\t\t<div class=\"elementor-element elementor-element-6acec94 elementor-widget elementor-widget-heading\" data-id=\"6acec94\" data-element_type=\"widget\" data-widget_type=\"heading.default\">\n\t\t\t\t\t<h6 class=\"elementor-heading-title elementor-size-default\">ISTANBUL BARIATRICS<\/h6>\t\t\t\t<\/div>\n\t\t\t\t<div class=\"elementor-element elementor-element-0919c91 elementor-widget elementor-widget-heading\" data-id=\"0919c91\" data-element_type=\"widget\" data-widget_type=\"heading.default\">\n\t\t\t\t\t<h1 class=\"elementor-heading-title elementor-size-default\">Morbid Obezite<\/h1>\t\t\t\t<\/div>\n\t\t\t\t<div class=\"elementor-element elementor-element-563c703 elementor-widget-tablet__width-initial elementor-widget elementor-widget-heading\" data-id=\"563c703\" data-element_type=\"widget\" data-widget_type=\"heading.default\">\n\t\t\t\t\t<h5 class=\"elementor-heading-title elementor-size-default\">Morbid obezite, v\u00fccut kitle indeksinin 40'\u0131n \u00fczerinde oldu\u011fu a\u015f\u0131r\u0131 derecede ciddi bir obezite durumunu ifade eder. Bu sa\u011fl\u0131k sorunu, genellikle obezitenin ileri seviyelerine ula\u015fan bireylerde g\u00f6r\u00fcl\u00fcr ve ciddi sa\u011fl\u0131k komplikasyonlar\u0131na yol a\u00e7abilir. Morbid obezite, kalp hastal\u0131klar\u0131, diyabet, y\u00fcksek tansiyon, solunum problemleri ve eklem sorunlar\u0131 gibi bir dizi potansiyel sa\u011fl\u0131k riskini beraberinde getirir. Bu nedenle, morbid obeziteyle ba\u015fa \u00e7\u0131kmak, bireylerin ya\u015fam tarzlar\u0131n\u0131 de\u011fi\u015ftirmelerini, dengeli beslenme al\u0131\u015fkanl\u0131klar\u0131 edinmelerini ve d\u00fczenli egzersiz yapmalar\u0131n\u0131 gerektirir. Tedavi se\u00e7enekleri aras\u0131nda diyet dan\u0131\u015fmanl\u0131\u011f\u0131, egzersiz programlar\u0131, ila\u00e7 tedavileri ve cerrahi m\u00fcdahaleler bulunabilir. Morbid obeziteyle m\u00fccadelede bilin\u00e7li bir yakla\u015f\u0131m benimsemek, uzun vadeli sa\u011fl\u0131k iyile\u015fmesi i\u00e7in \u00f6nemli bir ad\u0131m olabilir. <\/h5>\t\t\t\t<\/div>\n\t\t\t\t\t<\/div>\n\t\t<\/div>\n\t\t\t\t<div class=\"elementor-column elementor-col-25 elementor-inner-column elementor-element elementor-element-50c51bc\" data-id=\"50c51bc\" data-element_type=\"column\">\n\t\t\t<div class=\"elementor-widget-wrap\">\n\t\t\t\t\t\t\t<\/div>\n\t\t<\/div>\n\t\t\t\t\t<\/div>\n\t\t<\/section>\n\t\t\t\t\t<\/div>\n\t\t<\/div>\n\t\t\t\t\t<\/div>\n\t\t<\/section>\n\t\t\t\t\t<\/div>\n\t\t<\/div>\n\t\t\t\t\t<\/div>\n\t\t<\/section>\n\t\t\t\t<section class=\"elementor-section elementor-top-section elementor-element elementor-element-0d58ce0 elementor-section-full_width elementor-section-stretched elementor-section-height-default elementor-section-height-default\" data-id=\"0d58ce0\" data-element_type=\"section\" data-settings=\"{&quot;stretch_section&quot;:&quot;section-stretched&quot;,&quot;background_background&quot;:&quot;classic&quot;}\">\n\t\t\t\t\t\t<div class=\"elementor-container elementor-column-gap-default\">\n\t\t\t\t\t<div class=\"elementor-column elementor-col-100 elementor-top-column elementor-element elementor-element-16d11c8\" data-id=\"16d11c8\" data-element_type=\"column\" data-settings=\"{&quot;background_background&quot;:&quot;classic&quot;}\">\n\t\t\t<div class=\"elementor-widget-wrap elementor-element-populated\">\n\t\t\t\t\t\t<section class=\"elementor-section elementor-inner-section elementor-element elementor-element-4a1e55a elementor-reverse-tablet elementor-reverse-mobile elementor-section-boxed elementor-section-height-default elementor-section-height-default\" data-id=\"4a1e55a\" data-element_type=\"section\" id=\"dental\">\n\t\t\t\t\t\t<div class=\"elementor-container elementor-column-gap-default\">\n\t\t\t\t\t<div class=\"elementor-column elementor-col-50 elementor-inner-column elementor-element elementor-element-6a6be8d\" data-id=\"6a6be8d\" data-element_type=\"column\" data-settings=\"{&quot;background_background&quot;:&quot;classic&quot;}\">\n\t\t\t<div class=\"elementor-widget-wrap elementor-element-populated\">\n\t\t\t\t\t\t<div class=\"elementor-element elementor-element-598cb93 elementor-widget elementor-widget-heading\" data-id=\"598cb93\" data-element_type=\"widget\" data-widget_type=\"heading.default\">\n\t\t\t\t\t<h3 class=\"elementor-heading-title elementor-size-default\">Morbid Obezite Nedir?<\/h3>\t\t\t\t<\/div>\n\t\t\t\t<div class=\"elementor-element elementor-element-9d984ab elementor-widget elementor-widget-text-editor\" data-id=\"9d984ab\" data-element_type=\"widget\" data-widget_type=\"text-editor.default\">\n\t\t\t\t\t\t\t\t\t<p><strong><em>\u201cMorbid obezite\u201d<\/em><\/strong> kavram\u0131 ise; bir dizi hastal\u0131\u011fa yol a\u00e7arak ki\u015fiyi kar\u015f\u0131 kar\u015f\u0131ya b\u0131rakt\u0131\u011f\u0131 riskler neticesinde \u00f6l\u00fcmc\u00fcl problemler do\u011furabilen ve dolay\u0131s\u0131 ile ya\u015fam s\u00fcresini de bariz olarak k\u0131saltan d\u00fczeydeki a\u015f\u0131r\u0131 (\u201chastal\u0131kl\u0131\u201d) \u015fi\u015fmanl\u0131k olarak tan\u0131mlanabilir.<\/p>\t\t\t\t\t\t\t\t<\/div>\n\t\t\t\t<div class=\"elementor-element elementor-element-2d9aa1a elementor-widget-divider--view-line elementor-widget elementor-widget-divider\" data-id=\"2d9aa1a\" data-element_type=\"widget\" data-widget_type=\"divider.default\">\n\t\t\t\t\t\t\t<div class=\"elementor-divider\">\n\t\t\t<span class=\"elementor-divider-separator\">\n\t\t\t\t\t\t<\/span>\n\t\t<\/div>\n\t\t\t\t\t\t<\/div>\n\t\t\t\t<div class=\"elementor-element elementor-element-77c6b7b elementor-widget__width-auto elementor-mobile-align-center elementor-widget-tablet__width-auto elementor-widget elementor-widget-button\" data-id=\"77c6b7b\" data-element_type=\"widget\" data-widget_type=\"button.default\">\n\t\t\t\t\t\t\t\t\t\t<a class=\"elementor-button elementor-button-link elementor-size-sm\" href=\"https:\/\/istanbulbariatrics.com.tr\/?page_id=443\">\n\t\t\t\t\t\t<span class=\"elementor-button-content-wrapper\">\n\t\t\t\t\t\t\t\t\t<span class=\"elementor-button-text\">Devam\u0131<\/span>\n\t\t\t\t\t<\/span>\n\t\t\t\t\t<\/a>\n\t\t\t\t\t\t\t\t<\/div>\n\t\t\t\t\t<\/div>\n\t\t<\/div>\n\t\t\t\t<div class=\"elementor-column elementor-col-50 elementor-inner-column elementor-element elementor-element-5eb845c\" data-id=\"5eb845c\" data-element_type=\"column\" data-settings=\"{&quot;background_background&quot;:&quot;classic&quot;}\">\n\t\t\t<div class=\"elementor-widget-wrap elementor-element-populated\">\n\t\t\t\t\t\t<div class=\"elementor-element elementor-element-fe8aa1c elementor-widget elementor-widget-spacer\" data-id=\"fe8aa1c\" data-element_type=\"widget\" data-widget_type=\"spacer.default\">\n\t\t\t\t\t\t\t<div class=\"elementor-spacer\">\n\t\t\t<div class=\"elementor-spacer-inner\"><\/div>\n\t\t<\/div>\n\t\t\t\t\t\t<\/div>\n\t\t\t\t\t<\/div>\n\t\t<\/div>\n\t\t\t\t\t<\/div>\n\t\t<\/section>\n\t\t\t\t<section class=\"elementor-section elementor-inner-section elementor-element elementor-element-48eb92b elementor-section-boxed elementor-section-height-default elementor-section-height-default\" data-id=\"48eb92b\" data-element_type=\"section\" id=\"cardiology\">\n\t\t\t\t\t\t<div class=\"elementor-container elementor-column-gap-default\">\n\t\t\t\t\t<div class=\"elementor-column elementor-col-50 elementor-inner-column elementor-element elementor-element-7159559\" data-id=\"7159559\" data-element_type=\"column\" data-settings=\"{&quot;background_background&quot;:&quot;classic&quot;}\">\n\t\t\t<div class=\"elementor-widget-wrap elementor-element-populated\">\n\t\t\t\t\t\t<div class=\"elementor-element elementor-element-ae4e8c0 elementor-widget elementor-widget-spacer\" data-id=\"ae4e8c0\" data-element_type=\"widget\" data-widget_type=\"spacer.default\">\n\t\t\t\t\t\t\t<div class=\"elementor-spacer\">\n\t\t\t<div class=\"elementor-spacer-inner\"><\/div>\n\t\t<\/div>\n\t\t\t\t\t\t<\/div>\n\t\t\t\t\t<\/div>\n\t\t<\/div>\n\t\t\t\t<div class=\"elementor-column elementor-col-50 elementor-inner-column elementor-element elementor-element-1016f45\" data-id=\"1016f45\" data-element_type=\"column\" data-settings=\"{&quot;background_background&quot;:&quot;classic&quot;}\">\n\t\t\t<div class=\"elementor-widget-wrap elementor-element-populated\">\n\t\t\t\t\t\t<div class=\"elementor-element elementor-element-2fad20a elementor-widget elementor-widget-heading\" data-id=\"2fad20a\" data-element_type=\"widget\" data-widget_type=\"heading.default\">\n\t\t\t\t\t<h3 class=\"elementor-heading-title elementor-size-default\">\u0130leri \u015ei\u015fmanl\u0131k Neden Tehlikelidir?<\/h3>\t\t\t\t<\/div>\n\t\t\t\t<div class=\"elementor-element elementor-element-21b2471 elementor-widget elementor-widget-text-editor\" data-id=\"21b2471\" data-element_type=\"widget\" data-widget_type=\"text-editor.default\">\n\t\t\t\t\t\t\t\t\t<p>Morbid obezite yani a\u015f\u0131r\u0131 \u015fi\u015fmanl\u0131k; ki\u015finin sosyal hayat\u0131n\u0131, ya\u015fam kalitesini ve ruhsal durumunu ciddi bi\u00e7imde s\u0131k\u0131nt\u0131ya sokman\u0131n \u00f6tesinde \u00e7ok \u00f6nemli, hatta ya\u015fam\u0131 k\u0131saltan ve \u201c<strong>\u00f6l\u00fcme<\/strong>\u201d neden olabilen bir dizi \u201cko-morbidite\u201d yani ikincil (ya da yanda\u015f) hastal\u0131\u011fa yol a\u00e7maktad\u0131r.<\/p>\t\t\t\t\t\t\t\t<\/div>\n\t\t\t\t<div class=\"elementor-element elementor-element-75bffd8 elementor-widget-divider--view-line elementor-widget elementor-widget-divider\" data-id=\"75bffd8\" data-element_type=\"widget\" data-widget_type=\"divider.default\">\n\t\t\t\t\t\t\t<div class=\"elementor-divider\">\n\t\t\t<span class=\"elementor-divider-separator\">\n\t\t\t\t\t\t<\/span>\n\t\t<\/div>\n\t\t\t\t\t\t<\/div>\n\t\t\t\t<div class=\"elementor-element elementor-element-171c334 elementor-widget__width-auto elementor-mobile-align-center elementor-widget-tablet__width-auto elementor-widget elementor-widget-button\" data-id=\"171c334\" data-element_type=\"widget\" data-widget_type=\"button.default\">\n\t\t\t\t\t\t\t\t\t\t<a class=\"elementor-button elementor-button-link elementor-size-sm\" href=\"https:\/\/istanbulbariatrics.com.tr\/?page_id=464\">\n\t\t\t\t\t\t<span class=\"elementor-button-content-wrapper\">\n\t\t\t\t\t\t\t\t\t<span class=\"elementor-button-text\">Devam\u0131<\/span>\n\t\t\t\t\t<\/span>\n\t\t\t\t\t<\/a>\n\t\t\t\t\t\t\t\t<\/div>\n\t\t\t\t\t<\/div>\n\t\t<\/div>\n\t\t\t\t\t<\/div>\n\t\t<\/section>\n\t\t\t\t<section class=\"elementor-section elementor-inner-section elementor-element elementor-element-4e48668 elementor-reverse-tablet elementor-reverse-mobile elementor-section-boxed elementor-section-height-default elementor-section-height-default\" data-id=\"4e48668\" data-element_type=\"section\" id=\"pediatrics\">\n\t\t\t\t\t\t<div class=\"elementor-container elementor-column-gap-default\">\n\t\t\t\t\t<div class=\"elementor-column elementor-col-50 elementor-inner-column elementor-element elementor-element-6a357cf\" data-id=\"6a357cf\" data-element_type=\"column\" data-settings=\"{&quot;background_background&quot;:&quot;classic&quot;}\">\n\t\t\t<div class=\"elementor-widget-wrap elementor-element-populated\">\n\t\t\t\t\t\t<div class=\"elementor-element elementor-element-a500da2 elementor-widget elementor-widget-heading\" data-id=\"a500da2\" data-element_type=\"widget\" data-widget_type=\"heading.default\">\n\t\t\t\t\t<h3 class=\"elementor-heading-title elementor-size-default\">Morbid Obezim. Ne Yapmal\u0131y\u0131m?<\/h3>\t\t\t\t<\/div>\n\t\t\t\t<div class=\"elementor-element elementor-element-b25339a elementor-widget elementor-widget-text-editor\" data-id=\"b25339a\" data-element_type=\"widget\" data-widget_type=\"text-editor.default\">\n\t\t\t\t\t\t\t\t\t<p>\u00d6ncelikle konunun ciddiyetini net ve kesin olarak anlamal\u0131s\u0131n\u0131z. <strong>A\u015f\u0131r\u0131 \u015fi\u015fmanl\u0131\u011f\u0131n<\/strong> sadece estetik ve sosyal bir handikap olmay\u0131p hayat\u0131n\u0131z\u0131 tehdit eden, tehlikeli bir \u201chastal\u0131k\u201d oldu\u011funu, \u00f6te yandan tedavi \u015fans\u0131n\u0131z\u0131n bulundu\u011funu bilmelisiniz. Sonra da ba\u015fkalar\u0131ndan duyduklar\u0131n\u0131z\u0131 bir kenara b\u0131rak\u0131p, kendinizi de hi\u00e7bir zaman su\u00e7lamamal\u0131 ve t\u0131bbi yard\u0131m aramal\u0131s\u0131n\u0131z.<\/p>\t\t\t\t\t\t\t\t<\/div>\n\t\t\t\t<div class=\"elementor-element elementor-element-ff60b7f elementor-widget-divider--view-line elementor-widget elementor-widget-divider\" data-id=\"ff60b7f\" data-element_type=\"widget\" data-widget_type=\"divider.default\">\n\t\t\t\t\t\t\t<div class=\"elementor-divider\">\n\t\t\t<span class=\"elementor-divider-separator\">\n\t\t\t\t\t\t<\/span>\n\t\t<\/div>\n\t\t\t\t\t\t<\/div>\n\t\t\t\t<div class=\"elementor-element elementor-element-c8305c0 elementor-widget__width-auto elementor-mobile-align-center elementor-widget-tablet__width-auto elementor-widget elementor-widget-button\" data-id=\"c8305c0\" data-element_type=\"widget\" data-widget_type=\"button.default\">\n\t\t\t\t\t\t\t\t\t\t<a class=\"elementor-button elementor-button-link elementor-size-sm\" href=\"https:\/\/istanbulbariatrics.com.tr\/?page_id=459\">\n\t\t\t\t\t\t<span class=\"elementor-button-content-wrapper\">\n\t\t\t\t\t\t\t\t\t<span class=\"elementor-button-text\">Devam\u0131<\/span>\n\t\t\t\t\t<\/span>\n\t\t\t\t\t<\/a>\n\t\t\t\t\t\t\t\t<\/div>\n\t\t\t\t\t<\/div>\n\t\t<\/div>\n\t\t\t\t<div class=\"elementor-column elementor-col-50 elementor-inner-column elementor-element elementor-element-7939bd8\" data-id=\"7939bd8\" data-element_type=\"column\" data-settings=\"{&quot;background_background&quot;:&quot;classic&quot;}\">\n\t\t\t<div class=\"elementor-widget-wrap elementor-element-populated\">\n\t\t\t\t\t\t<div class=\"elementor-element elementor-element-bd62b8a elementor-widget elementor-widget-spacer\" data-id=\"bd62b8a\" data-element_type=\"widget\" data-widget_type=\"spacer.default\">\n\t\t\t\t\t\t\t<div class=\"elementor-spacer\">\n\t\t\t<div class=\"elementor-spacer-inner\"><\/div>\n\t\t<\/div>\n\t\t\t\t\t\t<\/div>\n\t\t\t\t\t<\/div>\n\t\t<\/div>\n\t\t\t\t\t<\/div>\n\t\t<\/section>\n\t\t\t\t\t<\/div>\n\t\t<\/div>\n\t\t\t\t\t<\/div>\n\t\t<\/section>\n\t\t\t\t<\/div>\n\t\t","protected":false},"excerpt":{"rendered":"<p>ISTANBUL BARIATRICS Morbid Obezite Morbid obezite, v\u00fccut kitle indeksinin 40&#8217;\u0131n \u00fczerinde oldu\u011fu a\u015f\u0131r\u0131 derecede ciddi bir obezite durumunu ifade eder. Bu sa\u011fl\u0131k sorunu, genellikle obezitenin ileri<span class=\"excerpt-hellip\"> [\u2026]<\/span><\/p>\n","protected":false},"author":1,"featured_media":0,"parent":0,"menu_order":0,"comment_status":"open","ping_status":"closed","template":"","meta":{"footnotes":""},"class_list":["post-286","page","type-page","status-publish","hentry"],"_links":{"self":[{"href":"https:\/\/mehmetaliyerdel.com\/index.php?rest_route=\/wp\/v2\/pages\/286","targetHints":{"allow":["GET"]}}],"collection":[{"href":"https:\/\/mehmetaliyerdel.com\/index.php?rest_route=\/wp\/v2\/pages"}],"about":[{"href":"https:\/\/mehmetaliyerdel.com\/index.php?rest_route=\/wp\/v2\/types\/page"}],"author":[{"embeddable":true,"href":"https:\/\/mehmetaliyerdel.com\/index.php?rest_route=\/wp\/v2\/users\/1"}],"replies":[{"embeddable":true,"href":"https:\/\/mehmetaliyerdel.com\/index.php?rest_route=%2Fwp%2Fv2%2Fcomments&post=286"}],"version-history":[{"count":0,"href":"https:\/\/mehmetaliyerdel.com\/index.php?rest_route=\/wp\/v2\/pages\/286\/revisions"}],"wp:attachment":[{"href":"https:\/\/mehmetaliyerdel.com\/index.php?rest_route=%2Fwp%2Fv2%2Fmedia&parent=286"}],"curies":[{"name":"wp","href":"https:\/\/api.w.org\/{rel}","templated":true}]}}