{"id":395,"date":"2024-02-20T04:43:21","date_gmt":"2024-02-20T04:43:21","guid":{"rendered":"https:\/\/istanbulbariatrics.com.tr\/?page_id=395"},"modified":"2025-08-06T08:49:35","modified_gmt":"2025-08-06T08:49:35","slug":"mukemmelliyet-merkezi","status":"publish","type":"page","link":"https:\/\/mehmetaliyerdel.com\/?page_id=395","title":{"rendered":"M\u00fckemmelliyet Merkezi"},"content":{"rendered":"\t\t<div data-elementor-type=\"wp-page\" data-elementor-id=\"395\" class=\"elementor elementor-395\">\n\t\t\t\t\t\t<section class=\"elementor-section elementor-top-section elementor-element elementor-element-d3806f7 elementor-section-full_width elementor-section-stretched elementor-section-height-default elementor-section-height-default\" data-id=\"d3806f7\" data-element_type=\"section\" data-settings=\"{&quot;stretch_section&quot;:&quot;section-stretched&quot;}\">\n\t\t\t\t\t\t<div class=\"elementor-container elementor-column-gap-wider\">\n\t\t\t\t\t<div class=\"elementor-column elementor-col-100 elementor-top-column elementor-element elementor-element-caf6059\" data-id=\"caf6059\" data-element_type=\"column\" data-settings=\"{&quot;background_background&quot;:&quot;classic&quot;}\">\n\t\t\t<div class=\"elementor-widget-wrap elementor-element-populated\">\n\t\t\t\t\t\t<section class=\"elementor-section elementor-inner-section elementor-element elementor-element-5d2b40f elementor-section-boxed elementor-section-height-default elementor-section-height-default\" data-id=\"5d2b40f\" data-element_type=\"section\">\n\t\t\t\t\t\t<div class=\"elementor-container elementor-column-gap-default\">\n\t\t\t\t\t<div class=\"elementor-column elementor-col-100 elementor-inner-column elementor-element elementor-element-c2850cc\" data-id=\"c2850cc\" data-element_type=\"column\">\n\t\t\t<div class=\"elementor-widget-wrap elementor-element-populated\">\n\t\t\t\t\t\t<div class=\"elementor-element elementor-element-db378e4 elementor-widget elementor-widget-heading\" data-id=\"db378e4\" data-element_type=\"widget\" data-widget_type=\"heading.default\">\n\t\t\t\t\t<h1 class=\"elementor-heading-title elementor-size-default\">M\u00fckemmeliyet <span style=\"color:#2B6CF5\">Merkezi<\/span><\/h1>\t\t\t\t<\/div>\n\t\t\t\t<div class=\"elementor-element elementor-element-bfb7f23 elementor-widget elementor-widget-heading\" data-id=\"bfb7f23\" data-element_type=\"widget\" data-widget_type=\"heading.default\">\n\t\t\t\t\t<h3 class=\"elementor-heading-title elementor-size-default\">IFSO Centre of Excellence<\/h3>\t\t\t\t<\/div>\n\t\t\t\t<div class=\"elementor-element elementor-element-69f49a0 elementor-widget elementor-widget-image\" data-id=\"69f49a0\" data-element_type=\"widget\" data-widget_type=\"image.default\">\n\t\t\t\t\t\t\t\t\t\t\t\t\t\t\t<img fetchpriority=\"high\" decoding=\"async\" width=\"300\" height=\"300\" src=\"https:\/\/mehmetaliyerdel.com\/wp-content\/uploads\/2024\/02\/centre_of_excellence420px-1-300x300.png\" class=\"attachment-thumbnail size-thumbnail wp-image-398\" alt=\"\" srcset=\"https:\/\/mehmetaliyerdel.com\/wp-content\/uploads\/2024\/02\/centre_of_excellence420px-1-300x300.png 300w, https:\/\/mehmetaliyerdel.com\/wp-content\/uploads\/2024\/02\/centre_of_excellence420px-1-150x150.png 150w, https:\/\/mehmetaliyerdel.com\/wp-content\/uploads\/2024\/02\/centre_of_excellence420px-1-75x75.png 75w, https:\/\/mehmetaliyerdel.com\/wp-content\/uploads\/2024\/02\/elementor\/thumbs\/centre_of_excellence420px-1.png 250w, https:\/\/mehmetaliyerdel.com\/wp-content\/uploads\/2024\/02\/elementor\/thumbs\/centre_of_excellence420px-1.png 120w, https:\/\/mehmetaliyerdel.com\/wp-content\/uploads\/2024\/02\/centre_of_excellence420px-1.png 420w\" sizes=\"(max-width:767px) 300px, 300px\" \/>\t\t\t\t\t\t\t\t\t\t\t\t\t\t\t<\/div>\n\t\t\t\t<div class=\"elementor-element elementor-element-4a4d488 elementor-widget elementor-widget-text-editor\" data-id=\"4a4d488\" data-element_type=\"widget\" data-widget_type=\"text-editor.default\">\n\t\t\t\t\t\t\t\t\t<p>Morbid obezite ve metabolik hastal\u0131klarla kar\u015f\u0131la\u015fm\u0131\u015f bireylere verilecek tedavilerin kalitesinin artt\u0131r\u0131lmas\u0131 ve belli bir standartta olmas\u0131 i\u00e7in ameliyat \u00f6ncesi ve sonras\u0131n\u0131 y\u00f6netecek cerrahi ekibin tecr\u00fcbesinin yan\u0131 s\u0131ra multidisipliner tam donan\u0131ml\u0131 bir klini\u011fin tan\u0131mlanmas\u0131 ve yeterlili\u011finin \u00f6l\u00e7\u00fclmesi bir gereklilik olarak do\u011fmu\u015ftur. Bu ama\u00e7 do\u011frultusunda, Uluslararas\u0131 Obezite Cerrahi Federasyonu (IFSO), ulusal ve b\u00f6lgesel m\u00fckemmellik merkezlerine gerekli kurallar\u0131n olu\u015fturulmas\u0131nda yard\u0131mc\u0131 olacak European Accreditation Council for Bariatric Surgery (EAC-BS) konseyini olu\u015fturmu\u015ftur. Bu komite, belli kriterleri kar\u015f\u0131lay\u0131p federasyona ba\u015fvuran, uzun bir denetleme s\u00fcrecinden sonra da belli kriterlere sahip oldu\u011funu g\u00f6steren ve sadece ameliyat s\u00fcrecinde de\u011fil ameliyat sonras\u0131nda da hastalara takip ve tedavi a\u00e7\u0131s\u0131ndan destek verdi\u011fini kan\u0131tlayan klinik ve cerrahlar\u0131 belgelendirmek i\u00e7in bir program ba\u015flatm\u0131\u015ft\u0131r. Bu \u201cM\u00fckemmelliyet Merkezi\u201d sertifikasyon program\u0131n\u0131 ba\u015far\u0131yla tamamlayarak belge almaya hak kazanan T\u00fcrkiye\u2019deki tek \u00f6zel klinik \u0130stanbul Bariatrics olmu\u015ftur.<\/p><p>2012 y\u0131l\u0131nda kurulan merkezimiz, hastalar\u0131na ilk g\u00fcnden beri verdi\u011fi y\u00fcksek kalite sa\u011fl\u0131k hizmetini, 2015 y\u0131l\u0131nda IFSO\u2019nun denetimine a\u00e7m\u0131\u015ft\u0131r. Avrupa Akreditasyon konseyi taraf\u0131ndan 2017 y\u0131l\u0131 Ekim ay\u0131nda verilen \u201cM\u00fckemmelliyet Merkezi\u201d sertifikas\u0131 ile hem \u00e7al\u0131\u015fmalar\u0131m\u0131z\u0131 s\u00fcrd\u00fcrd\u00fc\u011f\u00fcm\u00fcz klinik hem de ameliyatlar\u0131m\u0131z\u0131 ger\u00e7ekle\u015ftirdi\u011fimiz hastane obezite ve metabolik cerrahi gereksinimlerini tam olarak kar\u015f\u0131lad\u0131\u011f\u0131n\u0131 kan\u0131tlam\u0131\u015ft\u0131r.<\/p><p>Bu belgeyi almak rahatlamak anlam\u0131na gelmiyor, aksine \u00fczerimize daha fazla sorumluluk getiriyor. Bu belge ile hastalar\u0131m\u0131z\u0131n takip ve tedavisini anl\u0131k ve anonim olarak uluslararas\u0131 \u015fifrelendirilmi\u015f bir veritaban\u0131na kaydetmekteyiz. Bu durum klini\u011fimizin her an denetlenmeye devam etti\u011fini ve ba\u015far\u0131s\u0131n\u0131 s\u00fcrd\u00fcrmek i\u00e7in s\u00fcrekli emek verdi\u011fini g\u00f6steren en \u00f6nemli fark\u0131m\u0131zd\u0131r. Prof. Dr. Mehmet Ali Yerdel Muayenehanesi olarak sizlere verdi\u011fimiz sa\u011fl\u0131k hizmet kalitesini hep en \u00fcst seviyede tutmak i\u00e7in t\u00fcm ekibimizle her a\u015famada yan\u0131n\u0131zday\u0131z.<\/p>\t\t\t\t\t\t\t\t<\/div>\n\t\t\t\t\t<\/div>\n\t\t<\/div>\n\t\t\t\t\t<\/div>\n\t\t<\/section>\n\t\t\t\t<section class=\"elementor-section elementor-inner-section elementor-element elementor-element-38b994f elementor-section-boxed elementor-section-height-default elementor-section-height-default\" data-id=\"38b994f\" data-element_type=\"section\">\n\t\t\t\t\t\t<div class=\"elementor-container elementor-column-gap-default\">\n\t\t\t\t\t<div class=\"elementor-column elementor-col-100 elementor-inner-column elementor-element elementor-element-f5743e7\" data-id=\"f5743e7\" data-element_type=\"column\">\n\t\t\t<div class=\"elementor-widget-wrap elementor-element-populated\">\n\t\t\t\t\t\t<div class=\"elementor-element elementor-element-ec2c8d9 elementor-widget elementor-widget-image\" data-id=\"ec2c8d9\" data-element_type=\"widget\" data-widget_type=\"image.default\">\n\t\t\t\t\t\t\t\t\t\t\t\t\t\t\t\t<a href=\"https:\/\/istanbulbariatrics.com.tr\/wp-content\/uploads\/2024\/02\/IstanbulBariatrics_CEO-1024x732-3.jpg\" data-elementor-open-lightbox=\"yes\" data-elementor-lightbox-title=\"IstanbulBariatrics_CEO-1024x732-3\" data-e-action-hash=\"#elementor-action%3Aaction%3Dlightbox%26settings%3DeyJpZCI6Mzk5LCJ1cmwiOiJodHRwczpcL1wvbWVobWV0YWxpeWVyZGVsLmNvbVwvd3AtY29udGVudFwvdXBsb2Fkc1wvMjAyNFwvMDJcL0lzdGFuYnVsQmFyaWF0cmljc19DRU8tMTAyNHg3MzItMy5qcGcifQ%3D%3D\">\n\t\t\t\t\t\t\t<img decoding=\"async\" width=\"768\" height=\"549\" src=\"https:\/\/mehmetaliyerdel.com\/wp-content\/uploads\/2024\/02\/IstanbulBariatrics_CEO-1024x732-3-768x549.jpg\" class=\"attachment-medium_large size-medium_large wp-image-399\" alt=\"\" srcset=\"https:\/\/mehmetaliyerdel.com\/wp-content\/uploads\/2024\/02\/IstanbulBariatrics_CEO-1024x732-3-768x549.jpg 768w, https:\/\/mehmetaliyerdel.com\/wp-content\/uploads\/2024\/02\/IstanbulBariatrics_CEO-1024x732-3-500x357.jpg 500w, https:\/\/mehmetaliyerdel.com\/wp-content\/uploads\/2024\/02\/IstanbulBariatrics_CEO-1024x732-3-300x214.jpg 300w, https:\/\/mehmetaliyerdel.com\/wp-content\/uploads\/2024\/02\/IstanbulBariatrics_CEO-1024x732-3-105x75.jpg 105w, https:\/\/mehmetaliyerdel.com\/wp-content\/uploads\/2024\/02\/IstanbulBariatrics_CEO-1024x732-3-480x343.jpg 480w, https:\/\/mehmetaliyerdel.com\/wp-content\/uploads\/2024\/02\/IstanbulBariatrics_CEO-1024x732-3.jpg 1024w\" sizes=\"(max-width:767px) 480px, (max-width:768px) 100vw, 768px\" \/>\t\t\t\t\t\t\t\t<\/a>\n\t\t\t\t\t\t\t\t\t\t\t\t\t\t\t<\/div>\n\t\t\t\t\t<\/div>\n\t\t<\/div>\n\t\t\t\t\t<\/div>\n\t\t<\/section>\n\t\t\t\t\t<\/div>\n\t\t<\/div>\n\t\t\t\t\t<\/div>\n\t\t<\/section>\n\t\t\t\t<section class=\"elementor-section elementor-top-section elementor-element elementor-element-134f27d1 elementor-section-full_width elementor-section-stretched elementor-section-height-default elementor-section-height-default\" data-id=\"134f27d1\" data-element_type=\"section\" data-settings=\"{&quot;stretch_section&quot;:&quot;section-stretched&quot;}\">\n\t\t\t\t\t\t<div class=\"elementor-container elementor-column-gap-wider\">\n\t\t\t\t\t<div class=\"elementor-column elementor-col-100 elementor-top-column elementor-element elementor-element-7f6d3dc6\" data-id=\"7f6d3dc6\" data-element_type=\"column\">\n\t\t\t<div class=\"elementor-widget-wrap elementor-element-populated\">\n\t\t\t\t\t\t<section class=\"elementor-section elementor-inner-section elementor-element elementor-element-6cf282fd elementor-section-boxed elementor-section-height-default elementor-section-height-default\" data-id=\"6cf282fd\" data-element_type=\"section\" data-settings=\"{&quot;background_background&quot;:&quot;classic&quot;}\">\n\t\t\t\t\t\t<div class=\"elementor-container elementor-column-gap-default\">\n\t\t\t\t\t<div class=\"elementor-column elementor-col-100 elementor-inner-column elementor-element elementor-element-68f53c8e\" data-id=\"68f53c8e\" data-element_type=\"column\" data-settings=\"{&quot;background_background&quot;:&quot;classic&quot;}\">\n\t\t\t<div class=\"elementor-widget-wrap elementor-element-populated\">\n\t\t\t\t\t\t<div class=\"elementor-element elementor-element-5488b990 elementor-widget elementor-widget-image\" data-id=\"5488b990\" data-element_type=\"widget\" data-widget_type=\"image.default\">\n\t\t\t\t\t\t\t\t\t\t\t\t\t\t\t<img decoding=\"async\" src=\"https:\/\/istanbulbariatrics.com.tr\/wp-content\/uploads\/2022\/10\/bedoctor-icon4.svg\" title=\"\" alt=\"\" loading=\"lazy\" \/>\t\t\t\t\t\t\t\t\t\t\t\t\t\t\t<\/div>\n\t\t\t\t<div class=\"elementor-element elementor-element-cd3391c elementor-widget elementor-widget-text-editor\" data-id=\"cd3391c\" data-element_type=\"widget\" data-widget_type=\"text-editor.default\">\n\t\t\t\t\t\t\t\t\t<p><strong>Ameliyat<\/strong>, size tek ba\u015f\u0131n\u0131za ba\u015faramayaca\u011f\u0131n\u0131z kilo hedefinize ula\u015fmaya yard\u0131m ediyor.<\/p><p>Bu ba\u015far\u0131y\u0131, sa\u011fl\u0131kl\u0131 bir \u015fekilde s\u00fcrd\u00fcrebilmenizde <strong><em>profesyonel ekibimiz<\/em><\/strong>, size <strong>\u00f6m\u00fcr boyu destek<\/strong> sunuyor.<\/p><p>Amac\u0131m\u0131z; sizi her daim sa\u011fl\u0131kl\u0131, <strong>mutlu<\/strong> ve <strong>fit<\/strong> g\u00f6rmek.<\/p>\t\t\t\t\t\t\t\t<\/div>\n\t\t\t\t\t<\/div>\n\t\t<\/div>\n\t\t\t\t\t<\/div>\n\t\t<\/section>\n\t\t\t\t\t<\/div>\n\t\t<\/div>\n\t\t\t\t\t<\/div>\n\t\t<\/section>\n\t\t\t\t<\/div>\n\t\t","protected":false},"excerpt":{"rendered":"<p>M\u00fckemmeliyet Merkezi IFSO Centre of Excellence Morbid obezite ve metabolik hastal\u0131klarla kar\u015f\u0131la\u015fm\u0131\u015f bireylere verilecek tedavilerin kalitesinin artt\u0131r\u0131lmas\u0131 ve belli bir standartta olmas\u0131 i\u00e7in ameliyat \u00f6ncesi ve<span class=\"excerpt-hellip\"> [\u2026]<\/span><\/p>\n","protected":false},"author":1,"featured_media":0,"parent":287,"menu_order":0,"comment_status":"open","ping_status":"closed","template":"","meta":{"footnotes":""},"class_list":["post-395","page","type-page","status-publish","hentry"],"_links":{"self":[{"href":"https:\/\/mehmetaliyerdel.com\/index.php?rest_route=\/wp\/v2\/pages\/395","targetHints":{"allow":["GET"]}}],"collection":[{"href":"https:\/\/mehmetaliyerdel.com\/index.php?rest_route=\/wp\/v2\/pages"}],"about":[{"href":"https:\/\/mehmetaliyerdel.com\/index.php?rest_route=\/wp\/v2\/types\/page"}],"author":[{"embeddable":true,"href":"https:\/\/mehmetaliyerdel.com\/index.php?rest_route=\/wp\/v2\/users\/1"}],"replies":[{"embeddable":true,"href":"https:\/\/mehmetaliyerdel.com\/index.php?rest_route=%2Fwp%2Fv2%2Fcomments&post=395"}],"version-history":[{"count":3,"href":"https:\/\/mehmetaliyerdel.com\/index.php?rest_route=\/wp\/v2\/pages\/395\/revisions"}],"predecessor-version":[{"id":1440,"href":"https:\/\/mehmetaliyerdel.com\/index.php?rest_route=\/wp\/v2\/pages\/395\/revisions\/1440"}],"up":[{"embeddable":true,"href":"https:\/\/mehmetaliyerdel.com\/index.php?rest_route=\/wp\/v2\/pages\/287"}],"wp:attachment":[{"href":"https:\/\/mehmetaliyerdel.com\/index.php?rest_route=%2Fwp%2Fv2%2Fmedia&parent=395"}],"curies":[{"name":"wp","href":"https:\/\/api.w.org\/{rel}","templated":true}]}}