{"id":410,"date":"2024-02-29T19:04:08","date_gmt":"2024-02-29T19:04:08","guid":{"rendered":"https:\/\/istanbulbariatrics.com.tr\/?page_id=410"},"modified":"2025-08-06T08:44:29","modified_gmt":"2025-08-06T08:44:29","slug":"goruslerimiz","status":"publish","type":"page","link":"https:\/\/mehmetaliyerdel.com\/?page_id=410","title":{"rendered":"G\u00f6r\u00fc\u015flerimiz"},"content":{"rendered":"\t\t<div data-elementor-type=\"wp-page\" data-elementor-id=\"410\" class=\"elementor elementor-410\">\n\t\t\t\t\t\t<section class=\"elementor-section elementor-top-section elementor-element elementor-element-d3806f7 elementor-section-full_width elementor-section-stretched elementor-section-height-default elementor-section-height-default\" data-id=\"d3806f7\" data-element_type=\"section\" data-settings=\"{&quot;stretch_section&quot;:&quot;section-stretched&quot;}\">\n\t\t\t\t\t\t<div class=\"elementor-container elementor-column-gap-wider\">\n\t\t\t\t\t<div class=\"elementor-column elementor-col-100 elementor-top-column elementor-element elementor-element-caf6059\" data-id=\"caf6059\" data-element_type=\"column\" data-settings=\"{&quot;background_background&quot;:&quot;classic&quot;}\">\n\t\t\t<div class=\"elementor-widget-wrap elementor-element-populated\">\n\t\t\t\t\t\t<section class=\"elementor-section elementor-inner-section elementor-element elementor-element-5d2b40f elementor-section-boxed elementor-section-height-default elementor-section-height-default\" data-id=\"5d2b40f\" data-element_type=\"section\">\n\t\t\t\t\t\t<div class=\"elementor-container elementor-column-gap-default\">\n\t\t\t\t\t<div class=\"elementor-column elementor-col-100 elementor-inner-column elementor-element elementor-element-c2850cc\" data-id=\"c2850cc\" data-element_type=\"column\">\n\t\t\t<div class=\"elementor-widget-wrap elementor-element-populated\">\n\t\t\t\t\t\t<div class=\"elementor-element elementor-element-db378e4 elementor-widget elementor-widget-heading\" data-id=\"db378e4\" data-element_type=\"widget\" data-widget_type=\"heading.default\">\n\t\t\t\t\t<h1 class=\"elementor-heading-title elementor-size-default\">G\u00f6r\u00fc\u015flerimiz<\/h1>\t\t\t\t<\/div>\n\t\t\t\t<div class=\"elementor-element elementor-element-bfb7f23 elementor-widget elementor-widget-heading\" data-id=\"bfb7f23\" data-element_type=\"widget\" data-widget_type=\"heading.default\">\n\t\t\t\t\t<h3 class=\"elementor-heading-title elementor-size-default\">Prof. Dr. Mehmet Ali Yerdel<\/h3>\t\t\t\t<\/div>\n\t\t\t\t<div class=\"elementor-element elementor-element-bd55f60 elementor-widget elementor-widget-mfn_blockquote\" data-id=\"bd55f60\" data-element_type=\"widget\" data-widget_type=\"mfn_blockquote.default\">\n\t\t\t\t<div class=\"elementor-widget-container\">\n\t\t\t\t\t<div class=\"blockquote\"><span class=\"mfn-blockquote-icon\"><i class=\"icon-quote\" aria-hidden=\"true\"><\/i><\/span><blockquote class=\"mfn-inline-editor\">Morbid obezite gerek hayati riskler i\u00e7eren bir hastal\u0131k oldu\u011fundan ve gerekse h\u0131zla yayg\u0131nla\u015fmas\u0131 nedenleri ile t\u00fcm d\u00fcnyada \u00e7ok \u00f6nemli bir sa\u011fl\u0131k sorunudur.<\/blockquote><p class=\"author\"><i class=\"icon-user\"><\/i><span>Prof. Yerdel<\/span><\/p><\/div>\n\t\t\t\t<\/div>\n\t\t\t\t<\/div>\n\t\t\t\t<div class=\"elementor-element elementor-element-5a9a0b4 elementor-widget elementor-widget-heading\" data-id=\"5a9a0b4\" data-element_type=\"widget\" data-widget_type=\"heading.default\">\n\t\t\t\t\t<h4 class=\"elementor-heading-title elementor-size-default\">\u015ei\u015fmanl\u0131k\/A\u015f\u0131r\u0131 \u015ei\u015fmanl\u0131k\/\u015ei\u015fmanl\u0131k Cerrahisi \u0130le \u0130lgili Son S\u00f6zlerimiz.<\/h4>\t\t\t\t<\/div>\n\t\t\t\t<div class=\"elementor-element elementor-element-f64331e elementor-widget elementor-widget-heading\" data-id=\"f64331e\" data-element_type=\"widget\" data-widget_type=\"heading.default\">\n\t\t\t\t\t<span class=\"elementor-heading-title elementor-size-default\">\u015ei\u015fmanlar inan\u0131n ki \u00f6zel insanlard\u0131r. \u00c7o\u011fu asl\u0131nda kendisi ile dalga ge\u00e7ebilen son derece espirili, zeki ve malesef amans\u0131z bir problem olan a\u015f\u0131r\u0131 kilolu olman\u0131n pen\u00e7esine d\u00fc\u015fm\u00fc\u015f ve asl\u0131nda bu konuda hi\u00e7bir su\u00e7lar\u0131 bulunmayan ki\u015filerdir. Toplumda olu\u015fan yanl\u0131\u015f alg\u0131lamalar sonucu bo\u011fazlar\u0131na sahip olamayan iradesiz ki\u015filermi\u015f gibi haks\u0131z su\u00e7lamalara maruz kalmaktad\u0131rlar.\n\n\u015ei\u015fmanl\u0131\u011f\u0131 giderici ameliyatlar\u0131n ise kal\u0131c\u0131, g\u00fcvenilir tek \u00e7\u00f6z\u00fcm oldu\u011fu bilimsel bir ger\u00e7ek iken, maalesef bu konuda \u00fclkemizde hem halk\u0131m\u0131z hem de t\u0131p d\u00fcnyas\u0131nda var olan alg\u0131lama yanl\u0131\u015fl\u0131\u011f\u0131 morbid obezlerin bariz ma\u011fduriyetine neden olmaktad\u0131r. Ba\u015far\u0131s\u0131z olan diyet giri\u015fimlerinden sonra ailelerin israr\u0131 veya \u00e7evresel bask\u0131larla tekrar tekrar ba\u015far\u0131s\u0131zl\u0131\u011f\u0131 muhtemel diyet, spor, sosyal ya\u015fam, hatta \u015farlatanl\u0131k boyutuna ula\u015fan bitki ,ila\u00e7 vs .. gibi zaman \u00f6ld\u00fcr\u00fcc\u00fc y\u00f6ntemlerle morbid obezlerin cerrahi tedavisi geciktirilmektedir.\n\n\u00d6ncelikle morbid obezite s\u00f6z konusu ise ki bunun kriterlerinden uzun uzun bu sitede bahsedilmi\u015ftir, ileri derecede \u015fi\u015fman olanlar\u0131n bilin\u00e7li bir \u015fekilde mutlaka tedavi aray\u0131\u015f\u0131na girmeleri \u015fartt\u0131r. \u00d6ncelikle uygun diyet ve egzersiz programlar\u0131n\u0131 mutlak surette denemelidirler. Ancak ba\u015far\u0131l\u0131 olmuyorlar ise mutlaka ileri tedavi y\u00f6ntemlerine ba\u015fvurmal\u0131 ve bu konuda cesaretli davranmal\u0131d\u0131rlar. Zira aksi takdirde beklenen ya\u015fam s\u00fcrelerinin k\u0131salaca\u011f\u0131ndan muhakkak haberdar olmal\u0131d\u0131rlar.\n\nKendilerine cerrahi tedavi se\u00e7ene\u011fi sunuldu\u011fu anda da kar\u015f\u0131 kar\u015f\u0131ya olduklar\u0131 ekiplerin deneyimini mutlaka sorgulamal\u0131lar.\n\nAmeliyat masas\u0131ndan tutun da, laparoskopik aletlerin bile \u201c\u00f6zel\u201d ve obezlere uygun olarak \u00fcretildi\u011fi g\u00fcn\u00fcm\u00fczde bu \u201c\u00f6zel\u201d hastalar\u0131n en do\u011fal hakk\u0131 \u201c\u00f6zel\u201d ekiplerdir. Hastalar \u00f6te yandan ekibin \u201c\u00f6zel\u201d olu\u015funun \u201c\u00f6zel\u201d sekt\u00f6rde olmas\u0131 ile alakal\u0131 olmad\u0131\u011f\u0131n\u0131 \u00e7ok iyi bilmelidirler . En \u00f6nemli ve hayati konunun kar\u015f\u0131lar\u0131ndaki ekibin deneyimi oldu\u011funu ak\u0131llar\u0131ndan hi\u00e7 \u00e7\u0131karmamal\u0131d\u0131rlar. Ad\u0131 obezite cerrahisi merkezi olup da hi\u00e7bir i\u00e7eri\u011fin ve ger\u00e7ek anlamda bir ekibin var olmad\u0131\u011f\u0131 ticari yap\u0131lanmalara \u00e7ok \u00e7ekinceli davranmal\u0131d\u0131rlar.\n\nObezler bunu son derece iyi yapmaktad\u0131rlar.<\/span>\t\t\t\t<\/div>\n\t\t\t\t\t<\/div>\n\t\t<\/div>\n\t\t\t\t\t<\/div>\n\t\t<\/section>\n\t\t\t\t\t<\/div>\n\t\t<\/div>\n\t\t\t\t\t<\/div>\n\t\t<\/section>\n\t\t\t\t<section class=\"elementor-section elementor-inner-section elementor-element elementor-element-4e781139 elementor-section-boxed elementor-section-height-default elementor-section-height-default\" data-id=\"4e781139\" data-element_type=\"section\">\n\t\t\t\t\t\t<div class=\"elementor-container elementor-column-gap-default\">\n\t\t\t\t\t<div class=\"elementor-column elementor-col-50 elementor-inner-column elementor-element elementor-element-41d2a647\" data-id=\"41d2a647\" data-element_type=\"column\">\n\t\t\t<div class=\"elementor-widget-wrap elementor-element-populated\">\n\t\t\t\t\t\t<div class=\"elementor-element elementor-element-c74d222 elementor-widget elementor-widget-image\" data-id=\"c74d222\" data-element_type=\"widget\" data-widget_type=\"image.default\">\n\t\t\t\t\t\t\t\t\t\t\t\t\t\t\t<img fetchpriority=\"high\" decoding=\"async\" width=\"780\" height=\"886\" src=\"https:\/\/mehmetaliyerdel.com\/wp-content\/uploads\/2024\/02\/office_new.jpg\" class=\"attachment-full size-full wp-image-298\" alt=\"\" srcset=\"https:\/\/mehmetaliyerdel.com\/wp-content\/uploads\/2024\/02\/office_new.jpg 780w, https:\/\/mehmetaliyerdel.com\/wp-content\/uploads\/2024\/02\/office_new-440x500.jpg 440w, https:\/\/mehmetaliyerdel.com\/wp-content\/uploads\/2024\/02\/office_new-264x300.jpg 264w, https:\/\/mehmetaliyerdel.com\/wp-content\/uploads\/2024\/02\/office_new-768x872.jpg 768w, https:\/\/mehmetaliyerdel.com\/wp-content\/uploads\/2024\/02\/office_new-66x75.jpg 66w, https:\/\/mehmetaliyerdel.com\/wp-content\/uploads\/2024\/02\/office_new-480x545.jpg 480w\" sizes=\"(max-width:767px) 480px, (max-width:780px) 100vw, 780px\" \/>\t\t\t\t\t\t\t\t\t\t\t\t\t\t\t<\/div>\n\t\t\t\t\t<\/div>\n\t\t<\/div>\n\t\t\t\t<div class=\"elementor-column elementor-col-50 elementor-inner-column elementor-element elementor-element-85cb20f\" data-id=\"85cb20f\" data-element_type=\"column\" data-settings=\"{&quot;background_background&quot;:&quot;classic&quot;}\">\n\t\t\t<div class=\"elementor-widget-wrap elementor-element-populated\">\n\t\t\t\t\t\t<div class=\"elementor-element elementor-element-1e406632 elementor-widget elementor-widget-image-box\" data-id=\"1e406632\" data-element_type=\"widget\" data-widget_type=\"image-box.default\">\n\t\t\t\t\t<div class=\"elementor-image-box-wrapper\"><div class=\"elementor-image-box-content\"><h3 class=\"elementor-image-box-title\">Merkezimizin \u00d6zellikleri<\/h3><\/div><\/div>\t\t\t\t<\/div>\n\t\t\t\t<div class=\"elementor-element elementor-element-4b63678a elementor-widget elementor-widget-heading\" data-id=\"4b63678a\" data-element_type=\"widget\" data-widget_type=\"heading.default\">\n\t\t\t\t\t<span class=\"elementor-heading-title elementor-size-default\">Merkezimiz <b>\u00f6m\u00fcr boyu<\/b> deste\u011fe b\u00fcy\u00fck \u00f6nem vermektedir. \u00c7\u00fcnk\u00fc \u00f6zellikle <b><i>obezite cerrahisi<\/b><\/i> sonras\u0131 uzun s\u00fcreli ba\u015far\u0131 i\u00e7in hastalar\u0131m\u0131z\u0131n bizimle bir arada olabilmesi son derece \u00f6nemlidir.<\/span>\t\t\t\t<\/div>\n\t\t\t\t<div class=\"elementor-element elementor-element-21ab3251 elementor-mobile-align-center elementor-widget-tablet__width-inherit elementor-align-center elementor-widget elementor-widget-button\" data-id=\"21ab3251\" data-element_type=\"widget\" data-widget_type=\"button.default\">\n\t\t\t\t\t\t\t\t\t\t<a class=\"elementor-button elementor-button-link elementor-size-sm\" href=\"https:\/\/istanbulbariatrics.com.tr\/hakkimizda\/merkezimizin-ozellikleri\/\">\n\t\t\t\t\t\t<span class=\"elementor-button-content-wrapper\">\n\t\t\t\t\t\t\t\t\t<span class=\"elementor-button-text\">MERKEZ\u0130M\u0130Z\u0130N \u00d6ZELL\u0130KLER\u0130<\/span>\n\t\t\t\t\t<\/span>\n\t\t\t\t\t<\/a>\n\t\t\t\t\t\t\t\t<\/div>\n\t\t\t\t\t<\/div>\n\t\t<\/div>\n\t\t\t\t\t<\/div>\n\t\t<\/section>\n\t\t\t\t<section class=\"elementor-section elementor-top-section elementor-element elementor-element-40e8fdd5 elementor-section-full_width elementor-section-stretched elementor-section-height-default elementor-section-height-default\" data-id=\"40e8fdd5\" data-element_type=\"section\" data-settings=\"{&quot;stretch_section&quot;:&quot;section-stretched&quot;}\">\n\t\t\t\t\t\t<div class=\"elementor-container elementor-column-gap-wider\">\n\t\t\t\t\t<div class=\"elementor-column elementor-col-100 elementor-top-column elementor-element elementor-element-705164a0\" data-id=\"705164a0\" data-element_type=\"column\">\n\t\t\t<div class=\"elementor-widget-wrap elementor-element-populated\">\n\t\t\t\t\t\t<section class=\"elementor-section elementor-inner-section elementor-element elementor-element-c6098cf elementor-section-boxed elementor-section-height-default elementor-section-height-default\" data-id=\"c6098cf\" data-element_type=\"section\" data-settings=\"{&quot;background_background&quot;:&quot;classic&quot;}\">\n\t\t\t\t\t\t<div class=\"elementor-container elementor-column-gap-default\">\n\t\t\t\t\t<div class=\"elementor-column elementor-col-100 elementor-inner-column elementor-element elementor-element-453a4cc\" data-id=\"453a4cc\" data-element_type=\"column\" data-settings=\"{&quot;background_background&quot;:&quot;classic&quot;}\">\n\t\t\t<div class=\"elementor-widget-wrap elementor-element-populated\">\n\t\t\t\t\t\t<div class=\"elementor-element elementor-element-3dd085b0 elementor-widget elementor-widget-image\" data-id=\"3dd085b0\" data-element_type=\"widget\" data-widget_type=\"image.default\">\n\t\t\t\t\t\t\t\t\t\t\t\t\t\t\t<img decoding=\"async\" src=\"https:\/\/istanbulbariatrics.com.tr\/wp-content\/uploads\/2022\/10\/bedoctor-icon4.svg\" title=\"\" alt=\"\" loading=\"lazy\" \/>\t\t\t\t\t\t\t\t\t\t\t\t\t\t\t<\/div>\n\t\t\t\t<div class=\"elementor-element elementor-element-4e2187a0 elementor-widget elementor-widget-text-editor\" data-id=\"4e2187a0\" data-element_type=\"widget\" data-widget_type=\"text-editor.default\">\n\t\t\t\t\t\t\t\t\t<p><strong>Ameliyat<\/strong>, size tek ba\u015f\u0131n\u0131za ba\u015faramayaca\u011f\u0131n\u0131z kilo hedefinize ula\u015fmaya yard\u0131m ediyor.<\/p><p>Bu ba\u015far\u0131y\u0131, sa\u011fl\u0131kl\u0131 bir \u015fekilde s\u00fcrd\u00fcrebilmenizde <strong><em>profesyonel ekibimiz<\/em><\/strong>, size <strong>\u00f6m\u00fcr boyu destek<\/strong> sunuyor.<\/p><p>Amac\u0131m\u0131z; sizi her daim sa\u011fl\u0131kl\u0131, <strong>mutlu<\/strong> ve <strong>fit<\/strong> g\u00f6rmek.<\/p>\t\t\t\t\t\t\t\t<\/div>\n\t\t\t\t\t<\/div>\n\t\t<\/div>\n\t\t\t\t\t<\/div>\n\t\t<\/section>\n\t\t\t\t\t<\/div>\n\t\t<\/div>\n\t\t\t\t\t<\/div>\n\t\t<\/section>\n\t\t\t\t<\/div>\n\t\t","protected":false},"excerpt":{"rendered":"<p>G\u00f6r\u00fc\u015flerimiz Prof. Dr. Mehmet Ali Yerdel Morbid obezite gerek hayati riskler i\u00e7eren bir hastal\u0131k oldu\u011fundan ve gerekse h\u0131zla yayg\u0131nla\u015fmas\u0131 nedenleri ile t\u00fcm d\u00fcnyada \u00e7ok \u00f6nemli bir<span class=\"excerpt-hellip\"> [\u2026]<\/span><\/p>\n","protected":false},"author":1,"featured_media":0,"parent":287,"menu_order":0,"comment_status":"open","ping_status":"closed","template":"","meta":{"footnotes":""},"class_list":["post-410","page","type-page","status-publish","hentry"],"_links":{"self":[{"href":"https:\/\/mehmetaliyerdel.com\/index.php?rest_route=\/wp\/v2\/pages\/410","targetHints":{"allow":["GET"]}}],"collection":[{"href":"https:\/\/mehmetaliyerdel.com\/index.php?rest_route=\/wp\/v2\/pages"}],"about":[{"href":"https:\/\/mehmetaliyerdel.com\/index.php?rest_route=\/wp\/v2\/types\/page"}],"author":[{"embeddable":true,"href":"https:\/\/mehmetaliyerdel.com\/index.php?rest_route=\/wp\/v2\/users\/1"}],"replies":[{"embeddable":true,"href":"https:\/\/mehmetaliyerdel.com\/index.php?rest_route=%2Fwp%2Fv2%2Fcomments&post=410"}],"version-history":[{"count":3,"href":"https:\/\/mehmetaliyerdel.com\/index.php?rest_route=\/wp\/v2\/pages\/410\/revisions"}],"predecessor-version":[{"id":1434,"href":"https:\/\/mehmetaliyerdel.com\/index.php?rest_route=\/wp\/v2\/pages\/410\/revisions\/1434"}],"up":[{"embeddable":true,"href":"https:\/\/mehmetaliyerdel.com\/index.php?rest_route=\/wp\/v2\/pages\/287"}],"wp:attachment":[{"href":"https:\/\/mehmetaliyerdel.com\/index.php?rest_route=%2Fwp%2Fv2%2Fmedia&parent=410"}],"curies":[{"name":"wp","href":"https:\/\/api.w.org\/{rel}","templated":true}]}}