{"id":415,"date":"2024-02-29T19:08:26","date_gmt":"2024-02-29T19:08:26","guid":{"rendered":"https:\/\/istanbulbariatrics.com.tr\/?page_id=415"},"modified":"2025-08-06T08:42:31","modified_gmt":"2025-08-06T08:42:31","slug":"aylik-destek-toplantilari","status":"publish","type":"page","link":"https:\/\/mehmetaliyerdel.com\/?page_id=415","title":{"rendered":"Ayl\u0131k Destek Toplant\u0131lar\u0131"},"content":{"rendered":"\t\t<div data-elementor-type=\"wp-page\" data-elementor-id=\"415\" class=\"elementor elementor-415\">\n\t\t\t\t\t\t<section class=\"elementor-section elementor-top-section elementor-element elementor-element-d3806f7 elementor-section-full_width elementor-section-stretched elementor-section-height-default elementor-section-height-default\" data-id=\"d3806f7\" data-element_type=\"section\" data-settings=\"{&quot;stretch_section&quot;:&quot;section-stretched&quot;}\">\n\t\t\t\t\t\t<div class=\"elementor-container elementor-column-gap-wider\">\n\t\t\t\t\t<div class=\"elementor-column elementor-col-100 elementor-top-column elementor-element elementor-element-caf6059\" data-id=\"caf6059\" data-element_type=\"column\" data-settings=\"{&quot;background_background&quot;:&quot;classic&quot;}\">\n\t\t\t<div class=\"elementor-widget-wrap elementor-element-populated\">\n\t\t\t\t\t\t<section class=\"elementor-section elementor-inner-section elementor-element elementor-element-5d2b40f elementor-section-boxed elementor-section-height-default elementor-section-height-default\" data-id=\"5d2b40f\" data-element_type=\"section\">\n\t\t\t\t\t\t<div class=\"elementor-container elementor-column-gap-default\">\n\t\t\t\t\t<div class=\"elementor-column elementor-col-100 elementor-inner-column elementor-element elementor-element-c2850cc\" data-id=\"c2850cc\" data-element_type=\"column\">\n\t\t\t<div class=\"elementor-widget-wrap elementor-element-populated\">\n\t\t\t\t\t\t<div class=\"elementor-element elementor-element-db378e4 elementor-widget elementor-widget-heading\" data-id=\"db378e4\" data-element_type=\"widget\" data-widget_type=\"heading.default\">\n\t\t\t\t\t<h1 class=\"elementor-heading-title elementor-size-default\">Ayl\u0131k <span style=\"color:#2B6CF5\">Destek<\/span> Toplant\u0131lar\u0131<\/h1>\t\t\t\t<\/div>\n\t\t\t\t<div class=\"elementor-element elementor-element-bfb7f23 elementor-widget elementor-widget-heading\" data-id=\"bfb7f23\" data-element_type=\"widget\" data-widget_type=\"heading.default\">\n\t\t\t\t\t<h3 class=\"elementor-heading-title elementor-size-default\">Prof. Dr. Mehmet Ali Yerdel Muayenehanesi<\/h3>\t\t\t\t<\/div>\n\t\t\t\t<div class=\"elementor-element elementor-element-24d9eb5 elementor-view-stacked elementor-shape-circle elementor-position-top elementor-mobile-position-top elementor-widget elementor-widget-icon-box\" data-id=\"24d9eb5\" data-element_type=\"widget\" data-widget_type=\"icon-box.default\">\n\t\t\t\t\t\t\t<div class=\"elementor-icon-box-wrapper\">\n\n\t\t\t\t\t\t<div class=\"elementor-icon-box-icon\">\n\t\t\t\t<span  class=\"elementor-icon\">\n\t\t\t\t<svg aria-hidden=\"true\" class=\"e-font-icon-svg e-fas-people-arrows\" viewBox=\"0 0 576 512\" xmlns=\"http:\/\/www.w3.org\/2000\/svg\"><path d=\"M96,128A64,64,0,1,0,32,64,64,64,0,0,0,96,128Zm0,176.08a44.11,44.11,0,0,1,13.64-32L181.77,204c1.65-1.55,3.77-2.31,5.61-3.57A63.91,63.91,0,0,0,128,160H64A64,64,0,0,0,0,224v96a32,32,0,0,0,32,32V480a32,32,0,0,0,32,32h64a32,32,0,0,0,32-32V383.61l-50.36-47.53A44.08,44.08,0,0,1,96,304.08ZM480,128a64,64,0,1,0-64-64A64,64,0,0,0,480,128Zm32,32H448a63.91,63.91,0,0,0-59.38,40.42c1.84,1.27,4,2,5.62,3.59l72.12,68.06a44.37,44.37,0,0,1,0,64L416,383.62V480a32,32,0,0,0,32,32h64a32,32,0,0,0,32-32V352a32,32,0,0,0,32-32V224A64,64,0,0,0,512,160ZM444.4,295.34l-72.12-68.06A12,12,0,0,0,352,236v36H224V236a12,12,0,0,0-20.28-8.73L131.6,295.34a12.4,12.4,0,0,0,0,17.47l72.12,68.07A12,12,0,0,0,224,372.14V336H352v36.14a12,12,0,0,0,20.28,8.74l72.12-68.07A12.4,12.4,0,0,0,444.4,295.34Z\"><\/path><\/svg>\t\t\t\t<\/span>\n\t\t\t<\/div>\n\t\t\t\n\t\t\t\t\t\t<div class=\"elementor-icon-box-content\">\n\n\t\t\t\t\t\t\t\t\t<h4 class=\"elementor-icon-box-title\">\n\t\t\t\t\t\t<span  >\n\t\t\t\t\t\t\tAyl\u0131k Destek Toplant\u0131lar\u0131\t\t\t\t\t\t<\/span>\n\t\t\t\t\t<\/h4>\n\t\t\t\t\n\t\t\t\t\t\t\t\t\t<p class=\"elementor-icon-box-description\">\n\t\t\t\t\t\tObezite ameliyat\u0131 olmay\u0131 d\u00fc\u015f\u00fcn\u00fcyorsan\u0131z, bu toplant\u0131ya kat\u0131larak, ameliyat olmu\u015f hastalar\u0131m\u0131zla ve ekibimizle tan\u0131\u015fabilirsiniz.\t\t\t\t\t<\/p>\n\t\t\t\t\n\t\t\t<\/div>\n\t\t\t\n\t\t<\/div>\n\t\t\t\t\t\t<\/div>\n\t\t\t\t<div class=\"elementor-element elementor-element-45f086f elementor-widget elementor-widget-image\" data-id=\"45f086f\" data-element_type=\"widget\" data-widget_type=\"image.default\">\n\t\t\t\t\t\t\t\t\t\t\t\t\t\t\t<img fetchpriority=\"high\" decoding=\"async\" width=\"550\" height=\"310\" src=\"https:\/\/mehmetaliyerdel.com\/wp-content\/uploads\/2024\/02\/hasta-destek-1.jpg\" class=\"attachment-large size-large wp-image-417\" alt=\"\" srcset=\"https:\/\/mehmetaliyerdel.com\/wp-content\/uploads\/2024\/02\/hasta-destek-1.jpg 550w, https:\/\/mehmetaliyerdel.com\/wp-content\/uploads\/2024\/02\/hasta-destek-1-500x282.jpg 500w, https:\/\/mehmetaliyerdel.com\/wp-content\/uploads\/2024\/02\/hasta-destek-1-300x169.jpg 300w, https:\/\/mehmetaliyerdel.com\/wp-content\/uploads\/2024\/02\/hasta-destek-1-133x75.jpg 133w, https:\/\/mehmetaliyerdel.com\/wp-content\/uploads\/2024\/02\/hasta-destek-1-480x271.jpg 480w\" sizes=\"(max-width:767px) 480px, 550px\" \/>\t\t\t\t\t\t\t\t\t\t\t\t\t\t\t<\/div>\n\t\t\t\t<div class=\"elementor-element elementor-element-f64331e elementor-widget elementor-widget-heading\" data-id=\"f64331e\" data-element_type=\"widget\" data-widget_type=\"heading.default\">\n\t\t\t\t\t<span class=\"elementor-heading-title elementor-size-default\">Ameliyat sonras\u0131 hedefledi\u011fimiz kilolara ula\u015fma ve bu kilolar\u0131 koruma yolculu\u011funuzda merkezimiz her zaman yan\u0131n\u0131zda olmay\u0131 vaat eder. \u00c7ok kapsaml\u0131 \u201cobezite cerrahisi\u201d program\u0131n\u0131n bir par\u00e7as\u0131 olarak Aral\u0131k 2014\u2032ten itibaren her ay\u0131n ilk Cumartesi g\u00fcn\u00fc \u201cHasta Destek Gruplar\u0131\u201d toplant\u0131lar\u0131n\u0131 d\u00fczenlemeye ba\u015flad\u0131k.<\/span>\t\t\t\t<\/div>\n\t\t\t\t<div class=\"elementor-element elementor-element-bc05c09 elementor-widget elementor-widget-heading\" data-id=\"bc05c09\" data-element_type=\"widget\" data-widget_type=\"heading.default\">\n\t\t\t\t\t<h5 class=\"elementor-heading-title elementor-size-default\">Kimler Kat\u0131lmal\u0131d\u0131r?<\/h5>\t\t\t\t<\/div>\n\t\t\t\t<div class=\"elementor-element elementor-element-a97d937 elementor-widget elementor-widget-heading\" data-id=\"a97d937\" data-element_type=\"widget\" data-widget_type=\"heading.default\">\n\t\t\t\t\t<span class=\"elementor-heading-title elementor-size-default\">\u201cHasta Destek Gruplar\u0131\u201d; d\u00fc\u015f\u00fcnce, duygu ve tecr\u00fcbelerinizi, mide k\u00fc\u00e7\u00fcltme \/ t\u00fcp mide veya mide bypass\u2019\u0131 ameliyatlar\u0131 olmu\u015f veya olmay\u0131 d\u00fc\u015f\u00fcnen insanlar ile bir \u201cprofesyonel\u201d e\u015fli\u011finde payla\u015fman\u0131z amac\u0131 \u00fczerine yarat\u0131lan bir platformdur.<\/span>\t\t\t\t<\/div>\n\t\t<div class=\"elementor-element elementor-element-842d263 e-flex e-con-boxed e-con e-parent\" data-id=\"842d263\" data-element_type=\"container\">\n\t\t\t\t\t<div class=\"e-con-inner\">\n\t\t\t\t<div class=\"elementor-element elementor-element-764f3fe elementor-widget elementor-widget-video\" data-id=\"764f3fe\" data-element_type=\"widget\" data-settings=\"{&quot;youtube_url&quot;:&quot;https:\\\/\\\/youtu.be\\\/gjQ2D_dE1Bk&quot;,&quot;video_type&quot;:&quot;youtube&quot;}\" data-widget_type=\"video.default\">\n\t\t\t\t\t\t\t<div class=\"elementor-wrapper elementor-open-inline\">\n\t\t\t<div class=\"elementor-video\"><\/div>\t\t<\/div>\n\t\t\t\t\t\t<\/div>\n\t\t\t\t\t<\/div>\n\t\t\t\t<\/div>\n\t\t\t\t<div class=\"elementor-element elementor-element-6b4dcb2 elementor-widget elementor-widget-heading\" data-id=\"6b4dcb2\" data-element_type=\"widget\" data-widget_type=\"heading.default\">\n\t\t\t\t\t<h5 class=\"elementor-heading-title elementor-size-default\">Neler Konu\u015fuluyor?<\/h5>\t\t\t\t<\/div>\n\t\t\t\t<div class=\"elementor-element elementor-element-471f5d1 elementor-widget elementor-widget-heading\" data-id=\"471f5d1\" data-element_type=\"widget\" data-widget_type=\"heading.default\">\n\t\t\t\t\t<span class=\"elementor-heading-title elementor-size-default\">Her ay, diyet, egzersiz, psikolojik veya di\u011fer ilgili konular\u0131n uzmanlar\u0131ndan birinin konu\u015faca\u011f\u0131 bu toplant\u0131lara hepinizi bekleriz. Uzmanlar\u0131n yan\u0131 s\u0131ra, sizin gibi ayn\u0131 yoldan, aylar ya da y\u0131llar \u00f6nce ge\u00e7mi\u015f olan veya ge\u00e7meyi d\u00fc\u015f\u00fcnen insanlarla tecr\u00fcbelerinizi payla\u015fman\u0131z ve onlar\u0131n deneyimlerinden yararlanman\u0131z i\u00e7in bu m\u00fcthi\u015f bir olanakt\u0131r!<\/span>\t\t\t\t<\/div>\n\t\t\t\t<div class=\"elementor-element elementor-element-b9aa356 elementor-widget elementor-widget-image\" data-id=\"b9aa356\" data-element_type=\"widget\" data-widget_type=\"image.default\">\n\t\t\t\t\t\t\t\t\t\t\t\t\t\t\t<img decoding=\"async\" width=\"550\" height=\"310\" src=\"https:\/\/mehmetaliyerdel.com\/wp-content\/uploads\/2024\/02\/hasta-destek-2.jpg\" class=\"attachment-large size-large wp-image-418\" alt=\"\" srcset=\"https:\/\/mehmetaliyerdel.com\/wp-content\/uploads\/2024\/02\/hasta-destek-2.jpg 550w, https:\/\/mehmetaliyerdel.com\/wp-content\/uploads\/2024\/02\/hasta-destek-2-500x282.jpg 500w, https:\/\/mehmetaliyerdel.com\/wp-content\/uploads\/2024\/02\/hasta-destek-2-300x169.jpg 300w, https:\/\/mehmetaliyerdel.com\/wp-content\/uploads\/2024\/02\/hasta-destek-2-133x75.jpg 133w, https:\/\/mehmetaliyerdel.com\/wp-content\/uploads\/2024\/02\/hasta-destek-2-480x271.jpg 480w\" sizes=\"(max-width:767px) 480px, 550px\" \/>\t\t\t\t\t\t\t\t\t\t\t\t\t\t\t<\/div>\n\t\t\t\t<div class=\"elementor-element elementor-element-667e2d9 elementor-widget elementor-widget-heading\" data-id=\"667e2d9\" data-element_type=\"widget\" data-widget_type=\"heading.default\">\n\t\t\t\t\t<span class=\"elementor-heading-title elementor-size-default\"><b>\u00c7\u00dcNK\u00dc:<\/b>\n\nT\u00fcm \u201cm\u00fckemmeliyet\u201d sertifikal\u0131 A.B.D. merkezlerinde \u201cobezite cerrahisi\u201d\u2019nin olmazsa olmaz destek\u00e7isi olan bu toplant\u0131lar\u0131n UZUN D\u00d6NEM K\u0130LO KAYBINDAK\u0130 ba\u015far\u0131y\u0131 mutlak \u015fekilde ARTTIRDI\u011eI ispatlanm\u0131\u015ft\u0131r!<\/span>\t\t\t\t<\/div>\n\t\t\t\t<div class=\"elementor-element elementor-element-4c261dc elementor-widget elementor-widget-heading\" data-id=\"4c261dc\" data-element_type=\"widget\" data-widget_type=\"heading.default\">\n\t\t\t\t\t<h5 class=\"elementor-heading-title elementor-size-default\">Ne Zaman, Nerede?<\/h5>\t\t\t\t<\/div>\n\t\t\t\t<div class=\"elementor-element elementor-element-31791de elementor-widget elementor-widget-heading\" data-id=\"31791de\" data-element_type=\"widget\" data-widget_type=\"heading.default\">\n\t\t\t\t\t<span class=\"elementor-heading-title elementor-size-default\">Toplant\u0131lar, her ay\u0131n ilk Cumartesi g\u00fcn\u00fc saat 12.00\u2032da Ac\u0131badem Fulya Hastanesi -4. kat \u201c\u00c7\u0131ra\u011fan\u201d Toplant\u0131 Salonunda d\u00fczenleniyor. Toplant\u0131lar\u0131m\u0131z yaz aylar\u0131nda farkl\u0131 mek\u00e2nlarda olabilece\u011finden yer bilgisi i\u00e7in l\u00fctfen klini\u011fimizi aray\u0131n.\n\n<br \/><br \/>Merkezimizde ya da herhangi bir ba\u015fka merkezde obezite ameliyat\u0131 olmu\u015f \u201ct\u00fcm\u201d hastalar bu toplant\u0131lara davetlidir.\n\n<br \/><br \/>Ayr\u0131ca, obezite ameliyat\u0131 olmay\u0131 d\u00fc\u015f\u00fcnen ya da konu hakk\u0131nda bilgi almak isteyen t\u00fcm hastalara ve yak\u0131nlar\u0131na da kap\u0131lar\u0131m\u0131z a\u00e7\u0131kt\u0131r.<\/span>\t\t\t\t<\/div>\n\t\t\t\t<div class=\"elementor-element elementor-element-0c3b1f9 elementor-widget elementor-widget-image\" data-id=\"0c3b1f9\" data-element_type=\"widget\" data-widget_type=\"image.default\">\n\t\t\t\t\t\t\t\t\t\t\t\t\t\t\t<img decoding=\"async\" width=\"550\" height=\"310\" src=\"https:\/\/mehmetaliyerdel.com\/wp-content\/uploads\/2024\/02\/hasta-destek-3.jpg\" class=\"attachment-large size-large wp-image-419\" alt=\"\" srcset=\"https:\/\/mehmetaliyerdel.com\/wp-content\/uploads\/2024\/02\/hasta-destek-3.jpg 550w, https:\/\/mehmetaliyerdel.com\/wp-content\/uploads\/2024\/02\/hasta-destek-3-500x282.jpg 500w, https:\/\/mehmetaliyerdel.com\/wp-content\/uploads\/2024\/02\/hasta-destek-3-300x169.jpg 300w, https:\/\/mehmetaliyerdel.com\/wp-content\/uploads\/2024\/02\/hasta-destek-3-133x75.jpg 133w, https:\/\/mehmetaliyerdel.com\/wp-content\/uploads\/2024\/02\/hasta-destek-3-480x271.jpg 480w\" sizes=\"(max-width:767px) 480px, 550px\" \/>\t\t\t\t\t\t\t\t\t\t\t\t\t\t\t<\/div>\n\t\t<div class=\"elementor-element elementor-element-db68c89 e-flex e-con-boxed e-con e-parent\" data-id=\"db68c89\" data-element_type=\"container\">\n\t\t\t\t\t<div class=\"e-con-inner\">\n\t\t\t\t<div class=\"elementor-element elementor-element-4660252 elementor-widget elementor-widget-video\" data-id=\"4660252\" data-element_type=\"widget\" data-settings=\"{&quot;youtube_url&quot;:&quot;https:\\\/\\\/youtu.be\\\/aNpNhikFyvk&quot;,&quot;video_type&quot;:&quot;youtube&quot;}\" data-widget_type=\"video.default\">\n\t\t\t\t\t\t\t<div class=\"elementor-wrapper elementor-open-inline\">\n\t\t\t<div class=\"elementor-video\"><\/div>\t\t<\/div>\n\t\t\t\t\t\t<\/div>\n\t\t\t\t<div class=\"elementor-element elementor-element-0ede4ac elementor-widget elementor-widget-video\" data-id=\"0ede4ac\" data-element_type=\"widget\" data-settings=\"{&quot;youtube_url&quot;:&quot;https:\\\/\\\/youtu.be\\\/AYSfhVeo9oI&quot;,&quot;video_type&quot;:&quot;youtube&quot;}\" data-widget_type=\"video.default\">\n\t\t\t\t\t\t\t<div class=\"elementor-wrapper elementor-open-inline\">\n\t\t\t<div class=\"elementor-video\"><\/div>\t\t<\/div>\n\t\t\t\t\t\t<\/div>\n\t\t\t\t\t<\/div>\n\t\t\t\t<\/div>\n\t\t\t\t\t<\/div>\n\t\t<\/div>\n\t\t\t\t\t<\/div>\n\t\t<\/section>\n\t\t\t\t\t<\/div>\n\t\t<\/div>\n\t\t\t\t\t<\/div>\n\t\t<\/section>\n\t\t\t\t<section class=\"elementor-section elementor-inner-section elementor-element elementor-element-1973f653 elementor-section-boxed elementor-section-height-default elementor-section-height-default\" data-id=\"1973f653\" data-element_type=\"section\">\n\t\t\t\t\t\t<div class=\"elementor-container elementor-column-gap-default\">\n\t\t\t\t\t<div class=\"elementor-column elementor-col-50 elementor-inner-column elementor-element elementor-element-7a884142\" data-id=\"7a884142\" data-element_type=\"column\">\n\t\t\t<div class=\"elementor-widget-wrap elementor-element-populated\">\n\t\t\t\t\t\t<div class=\"elementor-element elementor-element-5d08fe93 elementor-widget elementor-widget-image\" data-id=\"5d08fe93\" data-element_type=\"widget\" data-widget_type=\"image.default\">\n\t\t\t\t\t\t\t\t\t\t\t\t\t\t\t<img loading=\"lazy\" decoding=\"async\" width=\"780\" height=\"886\" src=\"https:\/\/mehmetaliyerdel.com\/wp-content\/uploads\/2024\/02\/office_new.jpg\" class=\"attachment-full size-full wp-image-298\" alt=\"\" srcset=\"https:\/\/mehmetaliyerdel.com\/wp-content\/uploads\/2024\/02\/office_new.jpg 780w, https:\/\/mehmetaliyerdel.com\/wp-content\/uploads\/2024\/02\/office_new-440x500.jpg 440w, https:\/\/mehmetaliyerdel.com\/wp-content\/uploads\/2024\/02\/office_new-264x300.jpg 264w, https:\/\/mehmetaliyerdel.com\/wp-content\/uploads\/2024\/02\/office_new-768x872.jpg 768w, https:\/\/mehmetaliyerdel.com\/wp-content\/uploads\/2024\/02\/office_new-66x75.jpg 66w, https:\/\/mehmetaliyerdel.com\/wp-content\/uploads\/2024\/02\/office_new-480x545.jpg 480w\" sizes=\"(max-width:767px) 480px, (max-width:780px) 100vw, 780px\" \/>\t\t\t\t\t\t\t\t\t\t\t\t\t\t\t<\/div>\n\t\t\t\t\t<\/div>\n\t\t<\/div>\n\t\t\t\t<div class=\"elementor-column elementor-col-50 elementor-inner-column elementor-element elementor-element-34d2eb00\" data-id=\"34d2eb00\" data-element_type=\"column\" data-settings=\"{&quot;background_background&quot;:&quot;classic&quot;}\">\n\t\t\t<div class=\"elementor-widget-wrap elementor-element-populated\">\n\t\t\t\t\t\t<div class=\"elementor-element elementor-element-56cae80a elementor-widget elementor-widget-image-box\" data-id=\"56cae80a\" data-element_type=\"widget\" data-widget_type=\"image-box.default\">\n\t\t\t\t\t<div class=\"elementor-image-box-wrapper\"><div class=\"elementor-image-box-content\"><h3 class=\"elementor-image-box-title\">Merkezimizin \u00d6zellikleri<\/h3><\/div><\/div>\t\t\t\t<\/div>\n\t\t\t\t<div class=\"elementor-element elementor-element-415c6f4e elementor-widget elementor-widget-heading\" data-id=\"415c6f4e\" data-element_type=\"widget\" data-widget_type=\"heading.default\">\n\t\t\t\t\t<span class=\"elementor-heading-title elementor-size-default\">Merkezimiz <b>\u00f6m\u00fcr boyu<\/b> deste\u011fe b\u00fcy\u00fck \u00f6nem vermektedir. \u00c7\u00fcnk\u00fc \u00f6zellikle <b><i>obezite cerrahisi<\/b><\/i> sonras\u0131 uzun s\u00fcreli ba\u015far\u0131 i\u00e7in hastalar\u0131m\u0131z\u0131n bizimle bir arada olabilmesi son derece \u00f6nemlidir.<\/span>\t\t\t\t<\/div>\n\t\t\t\t<div class=\"elementor-element elementor-element-3add26ea elementor-mobile-align-center elementor-widget-tablet__width-inherit elementor-align-center elementor-widget elementor-widget-button\" data-id=\"3add26ea\" data-element_type=\"widget\" data-widget_type=\"button.default\">\n\t\t\t\t\t\t\t\t\t\t<a class=\"elementor-button elementor-button-link elementor-size-sm\" href=\"https:\/\/istanbulbariatrics.com.tr\/hakkimizda\/merkezimizin-ozellikleri\/\">\n\t\t\t\t\t\t<span class=\"elementor-button-content-wrapper\">\n\t\t\t\t\t\t\t\t\t<span class=\"elementor-button-text\">MERKEZ\u0130M\u0130Z\u0130N \u00d6ZELL\u0130KLER\u0130<\/span>\n\t\t\t\t\t<\/span>\n\t\t\t\t\t<\/a>\n\t\t\t\t\t\t\t\t<\/div>\n\t\t\t\t\t<\/div>\n\t\t<\/div>\n\t\t\t\t\t<\/div>\n\t\t<\/section>\n\t\t\t\t<section class=\"elementor-section elementor-top-section elementor-element elementor-element-4e2801a1 elementor-section-full_width elementor-section-stretched elementor-section-height-default elementor-section-height-default\" data-id=\"4e2801a1\" data-element_type=\"section\" data-settings=\"{&quot;stretch_section&quot;:&quot;section-stretched&quot;}\">\n\t\t\t\t\t\t<div class=\"elementor-container elementor-column-gap-wider\">\n\t\t\t\t\t<div class=\"elementor-column elementor-col-100 elementor-top-column elementor-element elementor-element-37708c32\" data-id=\"37708c32\" data-element_type=\"column\">\n\t\t\t<div class=\"elementor-widget-wrap elementor-element-populated\">\n\t\t\t\t\t\t<section class=\"elementor-section elementor-inner-section elementor-element elementor-element-6b7740e1 elementor-section-boxed elementor-section-height-default elementor-section-height-default\" data-id=\"6b7740e1\" data-element_type=\"section\" data-settings=\"{&quot;background_background&quot;:&quot;classic&quot;}\">\n\t\t\t\t\t\t<div class=\"elementor-container elementor-column-gap-default\">\n\t\t\t\t\t<div class=\"elementor-column elementor-col-100 elementor-inner-column elementor-element elementor-element-5a8bdbf7\" data-id=\"5a8bdbf7\" data-element_type=\"column\" data-settings=\"{&quot;background_background&quot;:&quot;classic&quot;}\">\n\t\t\t<div class=\"elementor-widget-wrap elementor-element-populated\">\n\t\t\t\t\t\t<div class=\"elementor-element elementor-element-3b22f608 elementor-widget elementor-widget-image\" data-id=\"3b22f608\" data-element_type=\"widget\" data-widget_type=\"image.default\">\n\t\t\t\t\t\t\t\t\t\t\t\t\t\t\t<img decoding=\"async\" src=\"https:\/\/istanbulbariatrics.com.tr\/wp-content\/uploads\/2022\/10\/bedoctor-icon4.svg\" title=\"\" alt=\"\" loading=\"lazy\" \/>\t\t\t\t\t\t\t\t\t\t\t\t\t\t\t<\/div>\n\t\t\t\t<div class=\"elementor-element elementor-element-17a96674 elementor-widget elementor-widget-text-editor\" data-id=\"17a96674\" data-element_type=\"widget\" data-widget_type=\"text-editor.default\">\n\t\t\t\t\t\t\t\t\t<p><strong>Ameliyat<\/strong>, size tek ba\u015f\u0131n\u0131za ba\u015faramayaca\u011f\u0131n\u0131z kilo hedefinize ula\u015fmaya yard\u0131m ediyor.<\/p><p>Bu ba\u015far\u0131y\u0131, sa\u011fl\u0131kl\u0131 bir \u015fekilde s\u00fcrd\u00fcrebilmenizde <strong><em>profesyonel ekibimiz<\/em><\/strong>, size <strong>\u00f6m\u00fcr boyu destek<\/strong> sunuyor.<\/p><p>Amac\u0131m\u0131z; sizi her daim sa\u011fl\u0131kl\u0131, <strong>mutlu<\/strong> ve <strong>fit<\/strong> g\u00f6rmek.<\/p>\t\t\t\t\t\t\t\t<\/div>\n\t\t\t\t\t<\/div>\n\t\t<\/div>\n\t\t\t\t\t<\/div>\n\t\t<\/section>\n\t\t\t\t\t<\/div>\n\t\t<\/div>\n\t\t\t\t\t<\/div>\n\t\t<\/section>\n\t\t\t\t<\/div>\n\t\t","protected":false},"excerpt":{"rendered":"<p>Ayl\u0131k Destek Toplant\u0131lar\u0131 Prof. Dr. Mehmet Ali Yerdel Muayenehanesi Ayl\u0131k Destek Toplant\u0131lar\u0131 Obezite ameliyat\u0131 olmay\u0131 d\u00fc\u015f\u00fcn\u00fcyorsan\u0131z, bu toplant\u0131ya kat\u0131larak, ameliyat olmu\u015f hastalar\u0131m\u0131zla ve ekibimizle tan\u0131\u015fabilirsiniz. Ameliyat<span class=\"excerpt-hellip\"> [\u2026]<\/span><\/p>\n","protected":false},"author":1,"featured_media":0,"parent":287,"menu_order":0,"comment_status":"open","ping_status":"closed","template":"","meta":{"footnotes":""},"class_list":["post-415","page","type-page","status-publish","hentry"],"_links":{"self":[{"href":"https:\/\/mehmetaliyerdel.com\/index.php?rest_route=\/wp\/v2\/pages\/415","targetHints":{"allow":["GET"]}}],"collection":[{"href":"https:\/\/mehmetaliyerdel.com\/index.php?rest_route=\/wp\/v2\/pages"}],"about":[{"href":"https:\/\/mehmetaliyerdel.com\/index.php?rest_route=\/wp\/v2\/types\/page"}],"author":[{"embeddable":true,"href":"https:\/\/mehmetaliyerdel.com\/index.php?rest_route=\/wp\/v2\/users\/1"}],"replies":[{"embeddable":true,"href":"https:\/\/mehmetaliyerdel.com\/index.php?rest_route=%2Fwp%2Fv2%2Fcomments&post=415"}],"version-history":[{"count":3,"href":"https:\/\/mehmetaliyerdel.com\/index.php?rest_route=\/wp\/v2\/pages\/415\/revisions"}],"predecessor-version":[{"id":1428,"href":"https:\/\/mehmetaliyerdel.com\/index.php?rest_route=\/wp\/v2\/pages\/415\/revisions\/1428"}],"up":[{"embeddable":true,"href":"https:\/\/mehmetaliyerdel.com\/index.php?rest_route=\/wp\/v2\/pages\/287"}],"wp:attachment":[{"href":"https:\/\/mehmetaliyerdel.com\/index.php?rest_route=%2Fwp%2Fv2%2Fmedia&parent=415"}],"curies":[{"name":"wp","href":"https:\/\/api.w.org\/{rel}","templated":true}]}}