{"id":423,"date":"2024-02-29T19:22:31","date_gmt":"2024-02-29T19:22:31","guid":{"rendered":"https:\/\/istanbulbariatrics.com.tr\/?page_id=423"},"modified":"2024-02-29T19:22:31","modified_gmt":"2024-02-29T19:22:31","slug":"kvkk-aydinlatma-metni","status":"publish","type":"page","link":"https:\/\/mehmetaliyerdel.com\/?page_id=423","title":{"rendered":"KVKK Ayd\u0131nlatma Metni"},"content":{"rendered":"\t\t<div data-elementor-type=\"wp-page\" data-elementor-id=\"423\" class=\"elementor elementor-423\">\n\t\t\t\t\t\t<section class=\"elementor-section elementor-top-section elementor-element elementor-element-d3806f7 elementor-section-full_width elementor-section-stretched elementor-section-height-default elementor-section-height-default\" data-id=\"d3806f7\" data-element_type=\"section\" data-settings=\"{&quot;stretch_section&quot;:&quot;section-stretched&quot;}\">\n\t\t\t\t\t\t<div class=\"elementor-container elementor-column-gap-wider\">\n\t\t\t\t\t<div class=\"elementor-column elementor-col-100 elementor-top-column elementor-element elementor-element-caf6059\" data-id=\"caf6059\" data-element_type=\"column\" data-settings=\"{&quot;background_background&quot;:&quot;classic&quot;}\">\n\t\t\t<div class=\"elementor-widget-wrap elementor-element-populated\">\n\t\t\t\t\t\t<section class=\"elementor-section elementor-inner-section elementor-element elementor-element-5d2b40f elementor-section-boxed elementor-section-height-default elementor-section-height-default\" data-id=\"5d2b40f\" data-element_type=\"section\">\n\t\t\t\t\t\t<div class=\"elementor-container elementor-column-gap-default\">\n\t\t\t\t\t<div class=\"elementor-column elementor-col-100 elementor-inner-column elementor-element elementor-element-c2850cc\" data-id=\"c2850cc\" data-element_type=\"column\">\n\t\t\t<div class=\"elementor-widget-wrap elementor-element-populated\">\n\t\t\t\t\t\t<div class=\"elementor-element elementor-element-db378e4 elementor-widget elementor-widget-heading\" data-id=\"db378e4\" data-element_type=\"widget\" data-widget_type=\"heading.default\">\n\t\t\t\t\t<h1 class=\"elementor-heading-title elementor-size-default\">KVKK <span style=\"color:#2B6CF5\">Ayd\u0131natma<\/span> Metni<\/h1>\t\t\t\t<\/div>\n\t\t\t\t<div class=\"elementor-element elementor-element-bfb7f23 elementor-widget elementor-widget-heading\" data-id=\"bfb7f23\" data-element_type=\"widget\" data-widget_type=\"heading.default\">\n\t\t\t\t\t<h3 class=\"elementor-heading-title elementor-size-default\">6698 SAYILI K\u0130\u015e\u0130SEL VER\u0130LER\u0130N KORUNMASI KANUNU (\u201cKVKK\u201d) UYARINCA K\u0130\u015e\u0130SEL VER\u0130LER\u0130N KORUNMASI HAKKINDA HASTA AYDINLATMA METN\u0130<\/h3>\t\t\t\t<\/div>\n\t\t\t\t<div class=\"elementor-element elementor-element-f64331e elementor-widget elementor-widget-heading\" data-id=\"f64331e\" data-element_type=\"widget\" data-widget_type=\"heading.default\">\n\t\t\t\t\t<p class=\"elementor-heading-title elementor-size-default\">Bu ayd\u0131nlatma metni, 6698 say\u0131l\u0131 Ki\u015fisel Verilerin Korunmas\u0131 Kanununun 10. maddesi ile Ayd\u0131nlatma Y\u00fck\u00fcml\u00fcl\u00fc\u011f\u00fcn\u00fcn Yerine Getirilmesinde Uyulacak Usul ve Esaslar Hakk\u0131nda Tebli\u011f kapsam\u0131nda veri sorumlusu s\u0131fat\u0131yla T\u00fcrkiye\u2019de kurulu, Mecidiyek\u00f6y Vergi Dairesi 9490042514 Vergi Kimlik Numaral\u0131,Fulya Mah. Ye\u015fil \u00c7imen Sok. POLAT Residence N:12\/407 \u015ei\u015fli \/ \u0130STANBUL adresinde bulunan Genel Cerrahi Uzman\u0131 Prof. Dr. Mehmet Ali Yerdel taraf\u0131ndan haz\u0131rlanm\u0131\u015ft\u0131r.\n\n<br \/><br \/>Hukuka uygun \u015fekilde ayd\u0131nlatma y\u00fck\u00fcml\u00fcl\u00fc\u011f\u00fcn\u00fcn yerine getirilmesi; veri sorumlular\u0131 ile ilgili ki\u015filer aras\u0131ndaki g\u00fcven ili\u015fkisinin tesisi, \u015feffafl\u0131k ve hesap verebilirlik ilkeleri a\u00e7\u0131s\u0131ndan \u00f6nem arz etmektedir.\n\n<br \/><br \/>A\u015fa\u011f\u0131da belirtilen \u015fekillerde elde etti\u011fimiz ki\u015fisel verilerinizin, ticari ili\u015fkilerimiz kapsam\u0131nda veya sizlerle olan hekim hasta ili\u015fkimiz dahilinde; i\u015flenmelerini gerektiren ama\u00e7 \u00e7er\u00e7evesinde ve bu ama\u00e7 ile ba\u011flant\u0131l\u0131, s\u0131n\u0131rl\u0131 ve \u00f6l\u00e7\u00fcl\u00fc \u015fekilde, taraf\u0131m\u0131za bildirdi\u011finiz veya bildirildi\u011fi \u015fekliyle ki\u015fisel verilerin do\u011frulu\u011funu koruyarak, kaydedilece\u011fini, depolanaca\u011f\u0131n\u0131, muhafaza edilece\u011fini, yeniden d\u00fczenlenece\u011fini, kanunen bu ki\u015fisel verileri talep etmeye yetkili olan kurumlar ile payla\u015f\u0131laca\u011f\u0131n\u0131 ve Ki\u015fisel Verilerin Korunmas\u0131 Kanunu\u2019nun \u00f6ng\u00f6rd\u00fc\u011f\u00fc \u015fartlarda, yurti\u00e7i \u00fc\u00e7\u00fcnc\u00fc ki\u015filere aktar\u0131laca\u011f\u0131n\u0131, devredilece\u011fini, s\u0131n\u0131fland\u0131r\u0131labilece\u011fini ve Ki\u015fisel Verilerin Korunmas\u0131 Kanunun\u2019da say\u0131lan sair \u015fekillerde i\u015flenebilece\u011fini bildiririz. \n\n<br \/><br \/><br \/>\u0130\u015eLENEN K\u0130\u015e\u0130SEL VER\u0130LER\u0130N\u0130Z\n<br \/><br \/>Firmam\u0131z taraf\u0131ndan, \u00e7al\u0131\u015fanlara ili\u015fkin kendileri taraf\u0131ndan sa\u011flanan ki\u015fisel veriler i\u015flenebilmektedir. \n\n<br \/><br \/>\u0130\u015flemeye konu olabilecek ki\u015fisel verileri kategorilerimiz a\u015fa\u011f\u0131daki gibidir:\n\n<br \/><br \/>Sa\u011fl\u0131k\n<br \/>\u0130leti\u015fim\n<br \/>Kimlik Bilgisi \n<br \/>Lokasyon \n<br \/>Meslek bilgisi\n<br \/>G\u00f6rsel Veri\n<br \/><br \/><br \/>K\u0130\u015e\u0130SEL VER\u0130LER\u0130N\u0130Z\u0130N TOPLANMA Y\u00d6NTEM\u0130 VE HUKUK\u0130 SEBEB\u0130\n<br \/><br \/>6698 say\u0131l\u0131 Ki\u015fisel Verilerin Korunmas\u0131 Kanunu\u2019nun 5. Maddesi do\u011frultusunda, hekim olarak hukuki y\u00fck\u00fcml\u00fcl\u00fcklerimizi yerine getirmek, aram\u0131zdaki hekim hasta ili\u015fkisinin ifas\u0131, tedavi bak\u0131m hizmetlerinin y\u00fcr\u00fct\u00fclmesi, hekimin s\u0131r saklama y\u00fck\u00fcml\u00fcl\u00fc\u011f\u00fc \u00e7er\u00e7evesinde, kanunlarda \u00f6ng\u00f6r\u00fclen nedenlerle ve \u015eirket\u2019in me\u015fru menfaati gere\u011fi sizden bizzat talep etti\u011fimiz, sizin de bizlere fiziksel veya elektronik ortamda iletti\u011finiz metinler suretiyle ki\u015fisel verileriniz toplanmaktad\u0131r. \n\n<br \/><br \/>\u0130\u015fyerinin fiziksel mek\u00e2n g\u00fcvenli\u011finin sa\u011flanmas\u0131n\u0131 yerine getirmek i\u00e7in ortam\u0131n kamera kayd\u0131 yap\u0131lmaktad\u0131r.\n\n<br \/><br \/><br \/>K\u0130\u015e\u0130SEL VER\u0130LER\u0130N\u0130Z\u0130N \u0130\u015eLENME AMA\u00c7LARI\n<br \/><br \/>\u015eirket taraf\u0131ndan ki\u015fisel verileriniz a\u015fa\u011f\u0131da belirtilen ama\u00e7 ve hukuki sebepler gibi ancak bunlarla s\u0131n\u0131rl\u0131 olmayan benzer ama\u00e7 ve sebeplerle i\u015flenebilir:\n\n<br \/><br \/>Faaliyetlerin mevzuata uygun y\u00fcr\u00fct\u00fclmesi \n<br \/>Tedavi ve bak\u0131m hizmetlerinin y\u00fcr\u00fct\u00fclmesi\n<br \/>Finans ve muhasebe i\u015flerinin y\u00fcr\u00fct\u00fclmesi\n<br \/>\u0130\u015f s\u00fcreklili\u011finin sa\u011flanmas\u0131 faaliyetlerinin y\u00fcr\u00fct\u00fclmesi \n<br \/>Mal, hizmet sat\u0131n al\u0131m s\u00fcre\u00e7lerinin y\u00f6netilmesi\n<br \/>Mevzuattan  do\u011fan y\u00fck\u00fcml\u00fcl\u00fc\u011f\u00fcn yerine getirilmesi, s\u00f6zle\u015fme s\u00fcre\u00e7lerinin y\u00fcr\u00fct\u00fclmesi \n<br \/>Tedarik zinciri faaliyetleri s\u00fcre\u00e7lerinin y\u00f6netilmesi \n<br \/><br \/><br \/>Y\u00f6netim faaliyetleri\n<br \/><br \/>K\u0130\u015e\u0130SEL VER\u0130LER\u0130N\u0130Z\u0130N YURT \u0130\u00c7\u0130NDEK\u0130 \u00dc\u00c7\u00dcNC\u00dc K\u0130\u015e\u0130LERLE PAYLA\u015eILMASI\n<br \/>\u0130\u015fbirli\u011fi i\u00e7inde oldu\u011fumuz ve yasalar kar\u015f\u0131s\u0131ndaki y\u00fck\u00fcml\u00fcl\u00fcklerimizi ifa eedebilmemiz amac\u0131yla ki\u015fisel verileriniz, 6698 Say\u0131l\u0131 Ki\u015fisel Verilerin Korunmas\u0131 Kanunu ve fakat bununla s\u0131n\u0131rl\u0131 olmamak \u00fczere sair mevzuat h\u00fck\u00fcmleri izin verdi\u011fi ve gerektirdi\u011fi \u00f6l\u00e7\u00fcde ilgili kurum veya kurulu\u015flar; Ki\u015fisel Verileri Koruma Kurumu, Bilgi Teknolojileri ve \u0130leti\u015fim Kurumu gibi kamu t\u00fczel ki\u015fileri ile payla\u015f\u0131labilir.\n\n<br \/><br \/>\u015eirket e-postalar\u0131n\u0131n hosting ve domain hizmeti kapsam\u0131nda sunucular\u0131 T\u00fcrkiye\u2019de bulunan Hastaneler ile ki\u015fisel veriler payla\u015f\u0131lmakta olup; ayn\u0131 \u015fekilde hizmetin ifas\u0131 kapsam\u0131nda \u00fc\u00e7\u00fcnc\u00fc \u015fah\u0131s firma ve ger\u00e7ek ki\u015filer ile verileriniz payla\u015fabilmektedir.\n\n<br \/><br \/>Ki\u015fisel verilerinizi;\n\n<br \/>Hastanelere, hizmet sa\u011flay\u0131c\u0131lara, yetkili ki\u015fi kurum ve kurulu\u015flara\n<br \/>Hizmet Sa\u011flay\u0131c\u0131lar, di\u011fer yetkili kurum ve kurulu\u015flar.\n<br \/>Mal ve  hizmet Sa\u011flay\u0131c\u0131lar, di\u011fer yetkili kurum ve kurulu\u015flar.\n\u0130le payla\u015fmaktay\u0131z. \n\n<br \/><br \/>K\u0130\u015e\u0130SEL VER\u0130LER\u0130N\u0130Z\u0130N YURT DI\u015eINDAK\u0130 \u00dc\u00c7\u00dcNC\u00dc K\u0130\u015e\u0130LERLE PAYLA\u015eILMASI\n<br \/>Ki\u015fisel verileriniz yurt d\u0131\u015f\u0131ndaki \u00fc\u00e7\u00fcnc\u00fc ki\u015filerle payla\u015f\u0131lmamaktad\u0131r.\n\n<br \/><br \/>HAKLARINIZ\n<br \/>KVKK\u2019n\u0131n 11. maddesi gere\u011fi bize \u015fahsen, kimli\u011finizi ispat etmeniz kayd\u0131yla, ki\u015fisel verileriniz ile ilgili; \n\n<br \/><br \/>Prof. Dr. Mehmet Ali Yerdel\u2019in hakk\u0131n\u0131zda ki\u015fisel veri i\u015fleyip i\u015flemedi\u011fini \u00f6\u011frenmek, e\u011fer i\u015flemi\u015fse, buna ili\u015fkin bilgi talep etmek,\nKi\u015fisel verilerinizin i\u015flenme amac\u0131n\u0131 ve bunlar\u0131n amac\u0131na uygun kullan\u0131l\u0131p kullan\u0131lmad\u0131\u011f\u0131 \u00f6\u011frenmek,\nKi\u015fisel verilerin yurti\u00e7i veya yurtd\u0131\u015f\u0131na aktar\u0131l\u0131p aktar\u0131lmad\u0131\u011f\u0131 ve kimlere aktar\u0131ld\u0131\u011f\u0131n\u0131 \u00f6\u011frenmek\nHaklar\u0131n\u0131z vard\u0131r.\n\n<br \/><br \/>Ayr\u0131ca, \u015eirket\u2019ten yanl\u0131\u015f ve eksik ki\u015fisel verilerinizin d\u00fczeltilmesini ve verilerinin aktar\u0131ld\u0131\u011f\u0131 veya aktar\u0131lm\u0131\u015f olabilece\u011fi al\u0131c\u0131lar\u0131n bilgilendirilmesini talep etme hakk\u0131n\u0131z bulunmaktad\u0131r.\n\n<br \/><br \/>Ki\u015fisel verilerinizin KVKK madde 7\u2019de \u00f6ng\u00f6r\u00fclen \u015fartlar \u00e7er\u00e7evesinde verilerinizin imha edilmesini (silinmesini, yok edilmesini veya anonim hale getirilmesini) \u015eirketten talep edebilirsiniz. Ayn\u0131 zamanda verilerin aktar\u0131ld\u0131\u011f\u0131 veya aktar\u0131labilece\u011fi 3. ki\u015filerin s\u00f6z konusu imha talebiniz ile ilgili bilgilendirilmesini talep edebilirsiniz. Ancak imha talebinizi de\u011ferlendirerek hangi y\u00f6ntemin uygun oldu\u011fu somut olay\u0131n ko\u015fullar\u0131na g\u00f6re taraf\u0131m\u0131zca de\u011ferlendirilecektir. Bu ba\u011flamda se\u00e7ti\u011fimiz imha y\u00f6ntemini neden se\u00e7ti\u011fimiz ile ilgili bizden her zaman bilgi talep edebilirsiniz.\n\n<br \/><br \/>Ki\u015fisel verilerinizin kanuna ayk\u0131r\u0131 olarak i\u015flenmesi sebebiyle zarara u\u011framan\u0131z halinde zarar\u0131n giderilmesini talep edebilirsiniz.\n\n<br \/><br \/>Ba\u015fvurunuzda yer alan talepleriniz, talebin niteli\u011fine g\u00f6re en ge\u00e7 otuz g\u00fcn i\u00e7inde \u00fccretsiz olarak sonu\u00e7land\u0131r\u0131lacakt\u0131r. Ancak, i\u015flemin \u015eirket i\u00e7in ayr\u0131ca bir maliyeti gerektirmesi h\u00e2linde, Ki\u015fisel Verileri Koruma Kurulu taraf\u0131ndan Veri Sorumlusuna Ba\u015fvuru Usul ve Esaslar\u0131 Hakk\u0131nda Tebli\u011f\u2019de belirlenen tarifedeki \u00fccret al\u0131nabilir. \n\n<br \/><br \/>Ki\u015fisel verilerinizin i\u015flenmesi ile ilgili hususlarda ba\u015fvurunuzu \u015eirketin internet adresinde bulunan ba\u015fvuru formunu doldurarak, yaz\u0131l\u0131 olarak \u015eirketimize teslim etmeniz gerekmektedir. \u015eirket taraf\u0131ndan talebinizin mahiyetine ve ba\u015fvuru y\u00f6nteminize g\u00f6re \u015eirket taraf\u0131ndan ba\u015fvurunun size ait olup olmad\u0131\u011f\u0131n\u0131n belirlenmesi ve b\u00f6ylece haklar\u0131n\u0131z\u0131 koruyabilmek amac\u0131yla ek do\u011frulamalar (kay\u0131tl\u0131 telefonunuza mesaj g\u00f6nderilmesi, aranman\u0131z gibi) istenebilir. \u00d6rne\u011fin \u015eirkette kay\u0131tl\u0131 olan e-posta adresiniz arac\u0131l\u0131\u011f\u0131yla ba\u015fvuru yapman\u0131z halinde \u015eirkette kay\u0131tl\u0131 ba\u015fka bir ileti\u015fim y\u00f6ntemini kullanarak size ula\u015fabilir ve ba\u015fvurunun size ait olup olmad\u0131\u011f\u0131n\u0131n teyidini isteyebiliriz.\n\n<br \/><br \/>Kanunun \u201cilgili ki\u015finin haklar\u0131n\u0131 d\u00fczenleyen\u201d 11. maddesi kapsam\u0131ndaki taleplerinizi, \u201cVeri Sorumlusuna Ba\u015fvuru Usul ve Esaslar\u0131 Hakk\u0131nda Tebli\u011fe\u201d g\u00f6re Ki\u015fisel Verileri Koruma Kurumunun Nasuh Akar Mahallesi 1407 sokak No: 4 \u00c7ankaya \/ Ankara adresine yaz\u0131l\u0131 olarak iletebilirsiniz.\n\n<br \/><br \/>\u0130LET\u0130\u015e\u0130M B\u0130LG\u0130LER\u0130\n\n<br \/><br \/>Prof.Dr.Mehmet Ali Yerdel\n<br \/><br \/>Vergi Kimlik No:  9490042514\n<br \/>Adres:  Fulya Mah. Ye\u015fil \u00c7imen Sok. POLAT Residence N:12\/407  \u015ei\u015fli \/ \u0130STANBUL\n\n<br \/><br \/>HASTA AD- SOYADI:\n<br \/>TAR\u0130H                  :\n<br \/>\u0130MZA                    :<\/p>\t\t\t\t<\/div>\n\t\t\t\t\t<\/div>\n\t\t<\/div>\n\t\t\t\t\t<\/div>\n\t\t<\/section>\n\t\t\t\t<section class=\"elementor-section elementor-inner-section elementor-element elementor-element-63e8ab9 elementor-section-boxed elementor-section-height-default elementor-section-height-default\" data-id=\"63e8ab9\" data-element_type=\"section\">\n\t\t\t\t\t\t<div class=\"elementor-container elementor-column-gap-default\">\n\t\t\t\t\t<div class=\"elementor-column elementor-col-50 elementor-inner-column elementor-element elementor-element-e6fbc27\" data-id=\"e6fbc27\" data-element_type=\"column\">\n\t\t\t<div class=\"elementor-widget-wrap elementor-element-populated\">\n\t\t\t\t\t\t<div class=\"elementor-element elementor-element-6c72d65 elementor-align-center elementor-widget elementor-widget-button\" data-id=\"6c72d65\" data-element_type=\"widget\" data-widget_type=\"button.default\">\n\t\t\t\t\t\t\t\t\t\t<a class=\"elementor-button elementor-button-link elementor-size-sm\" href=\"https:\/\/istanbulbariatrics.com.tr\/wp-content\/uploads\/2024\/02\/hasta-kvkk-aydinlatma-metni-2.pdf\" target=\"_blank\">\n\t\t\t\t\t\t<span class=\"elementor-button-content-wrapper\">\n\t\t\t\t\t\t\t\t\t<span class=\"elementor-button-text\">HASTA AYDINLATMA METN\u0130<\/span>\n\t\t\t\t\t<\/span>\n\t\t\t\t\t<\/a>\n\t\t\t\t\t\t\t\t<\/div>\n\t\t\t\t\t<\/div>\n\t\t<\/div>\n\t\t\t\t<div class=\"elementor-column elementor-col-50 elementor-inner-column elementor-element elementor-element-37d0784\" data-id=\"37d0784\" data-element_type=\"column\">\n\t\t\t<div class=\"elementor-widget-wrap elementor-element-populated\">\n\t\t\t\t\t\t<div class=\"elementor-element elementor-element-b9eaba9 elementor-align-center elementor-widget elementor-widget-button\" data-id=\"b9eaba9\" data-element_type=\"widget\" data-widget_type=\"button.default\">\n\t\t\t\t\t\t\t\t\t\t<a class=\"elementor-button elementor-button-link elementor-size-sm\" href=\"https:\/\/istanbulbariatrics.com.tr\/wp-content\/uploads\/2024\/02\/calisan-kvkk-aydinlatma-metni-2.pdf\">\n\t\t\t\t\t\t<span class=\"elementor-button-content-wrapper\">\n\t\t\t\t\t\t\t\t\t<span class=\"elementor-button-text\">\u00c7ALI\u015eAN AYDINLATMA METN\u0130<\/span>\n\t\t\t\t\t<\/span>\n\t\t\t\t\t<\/a>\n\t\t\t\t\t\t\t\t<\/div>\n\t\t\t\t\t<\/div>\n\t\t<\/div>\n\t\t\t\t\t<\/div>\n\t\t<\/section>\n\t\t\t\t\t<\/div>\n\t\t<\/div>\n\t\t\t\t\t<\/div>\n\t\t<\/section>\n\t\t\t\t<\/div>\n\t\t","protected":false},"excerpt":{"rendered":"<p>KVKK Ayd\u0131natma Metni 6698 SAYILI K\u0130\u015e\u0130SEL VER\u0130LER\u0130N KORUNMASI KANUNU (\u201cKVKK\u201d) UYARINCA K\u0130\u015e\u0130SEL VER\u0130LER\u0130N KORUNMASI HAKKINDA HASTA AYDINLATMA METN\u0130 Bu ayd\u0131nlatma metni, 6698 say\u0131l\u0131 Ki\u015fisel Verilerin Korunmas\u0131<span class=\"excerpt-hellip\"> [\u2026]<\/span><\/p>\n","protected":false},"author":1,"featured_media":0,"parent":287,"menu_order":0,"comment_status":"open","ping_status":"closed","template":"","meta":{"footnotes":""},"class_list":["post-423","page","type-page","status-publish","hentry"],"_links":{"self":[{"href":"https:\/\/mehmetaliyerdel.com\/index.php?rest_route=\/wp\/v2\/pages\/423","targetHints":{"allow":["GET"]}}],"collection":[{"href":"https:\/\/mehmetaliyerdel.com\/index.php?rest_route=\/wp\/v2\/pages"}],"about":[{"href":"https:\/\/mehmetaliyerdel.com\/index.php?rest_route=\/wp\/v2\/types\/page"}],"author":[{"embeddable":true,"href":"https:\/\/mehmetaliyerdel.com\/index.php?rest_route=\/wp\/v2\/users\/1"}],"replies":[{"embeddable":true,"href":"https:\/\/mehmetaliyerdel.com\/index.php?rest_route=%2Fwp%2Fv2%2Fcomments&post=423"}],"version-history":[{"count":0,"href":"https:\/\/mehmetaliyerdel.com\/index.php?rest_route=\/wp\/v2\/pages\/423\/revisions"}],"up":[{"embeddable":true,"href":"https:\/\/mehmetaliyerdel.com\/index.php?rest_route=\/wp\/v2\/pages\/287"}],"wp:attachment":[{"href":"https:\/\/mehmetaliyerdel.com\/index.php?rest_route=%2Fwp%2Fv2%2Fmedia&parent=423"}],"curies":[{"name":"wp","href":"https:\/\/api.w.org\/{rel}","templated":true}]}}