{"id":435,"date":"2024-02-29T19:35:40","date_gmt":"2024-02-29T19:35:40","guid":{"rendered":"https:\/\/istanbulbariatrics.com.tr\/?page_id=435"},"modified":"2024-02-29T19:35:40","modified_gmt":"2024-02-29T19:35:40","slug":"prof-dr-mehmet-ali-yerdel","status":"publish","type":"page","link":"https:\/\/mehmetaliyerdel.com\/?page_id=435","title":{"rendered":"Prof. Dr. Mehmet Ali Yerdel"},"content":{"rendered":"\t\t<div data-elementor-type=\"wp-page\" data-elementor-id=\"435\" class=\"elementor elementor-435\">\n\t\t\t\t\t\t<section class=\"elementor-section elementor-top-section elementor-element elementor-element-d3806f7 elementor-section-full_width elementor-section-stretched elementor-section-height-default elementor-section-height-default\" data-id=\"d3806f7\" data-element_type=\"section\" data-settings=\"{&quot;stretch_section&quot;:&quot;section-stretched&quot;}\">\n\t\t\t\t\t\t<div class=\"elementor-container elementor-column-gap-wider\">\n\t\t\t\t\t<div class=\"elementor-column elementor-col-100 elementor-top-column elementor-element elementor-element-caf6059\" data-id=\"caf6059\" data-element_type=\"column\" data-settings=\"{&quot;background_background&quot;:&quot;classic&quot;}\">\n\t\t\t<div class=\"elementor-widget-wrap elementor-element-populated\">\n\t\t\t\t\t\t<section class=\"elementor-section elementor-inner-section elementor-element elementor-element-5d2b40f elementor-section-boxed elementor-section-height-default elementor-section-height-default\" data-id=\"5d2b40f\" data-element_type=\"section\">\n\t\t\t\t\t\t<div class=\"elementor-container elementor-column-gap-default\">\n\t\t\t\t\t<div class=\"elementor-column elementor-col-100 elementor-inner-column elementor-element elementor-element-c2850cc\" data-id=\"c2850cc\" data-element_type=\"column\">\n\t\t\t<div class=\"elementor-widget-wrap elementor-element-populated\">\n\t\t\t\t\t\t<div class=\"elementor-element elementor-element-db378e4 elementor-widget elementor-widget-heading\" data-id=\"db378e4\" data-element_type=\"widget\" data-widget_type=\"heading.default\">\n\t\t\t\t\t<h1 class=\"elementor-heading-title elementor-size-default\">Mehmet Ali <span style=\"color:#2B6CF5\"> Yerdel <\/span><\/h1>\t\t\t\t<\/div>\n\t\t\t\t<div class=\"elementor-element elementor-element-bfb7f23 elementor-widget elementor-widget-heading\" data-id=\"bfb7f23\" data-element_type=\"widget\" data-widget_type=\"heading.default\">\n\t\t\t\t\t<h3 class=\"elementor-heading-title elementor-size-default\">Prof. Dr. \/ Kurucu<\/h3>\t\t\t\t<\/div>\n\t\t\t\t<div class=\"elementor-element elementor-element-69f49a0 elementor-widget elementor-widget-image\" data-id=\"69f49a0\" data-element_type=\"widget\" data-widget_type=\"image.default\">\n\t\t\t\t\t\t\t\t\t\t\t\t\t\t\t<img fetchpriority=\"high\" decoding=\"async\" width=\"239\" height=\"300\" src=\"https:\/\/mehmetaliyerdel.com\/wp-content\/uploads\/2024\/02\/istanbulbariatrics-wrap-bg2-239x300.webp\" class=\"attachment-thumbnail size-thumbnail wp-image-350\" alt=\"\" srcset=\"https:\/\/mehmetaliyerdel.com\/wp-content\/uploads\/2024\/02\/istanbulbariatrics-wrap-bg2-239x300.webp 239w, https:\/\/mehmetaliyerdel.com\/wp-content\/uploads\/2024\/02\/istanbulbariatrics-wrap-bg2-399x500.webp 399w, https:\/\/mehmetaliyerdel.com\/wp-content\/uploads\/2024\/02\/istanbulbariatrics-wrap-bg2-768x963.webp 768w, https:\/\/mehmetaliyerdel.com\/wp-content\/uploads\/2024\/02\/istanbulbariatrics-wrap-bg2-60x75.webp 60w, https:\/\/mehmetaliyerdel.com\/wp-content\/uploads\/2024\/02\/istanbulbariatrics-wrap-bg2-480x602.webp 480w, https:\/\/mehmetaliyerdel.com\/wp-content\/uploads\/2024\/02\/istanbulbariatrics-wrap-bg2.webp 780w\" sizes=\"(max-width:767px) 239px, 239px\" \/>\t\t\t\t\t\t\t\t\t\t\t\t\t\t\t<\/div>\n\t\t\t\t<div class=\"elementor-element elementor-element-5771be1 elementor-widget elementor-widget-text-editor\" data-id=\"5771be1\" data-element_type=\"widget\" data-widget_type=\"text-editor.default\">\n\t\t\t\t\t\t\t\t\t<div class=\"vc_row wpb_row vc_row-fluid\"><div class=\"wpb_column vc_column_container vc_col-sm-9\"><div class=\"vc_column-inner\"><div class=\"wpb_wrapper\"><div class=\"wpb_text_column wpb_content_element \"><div class=\"wpb_wrapper\"><p><img decoding=\"async\" class=\" wp-image-437 alignleft\" src=\"https:\/\/istanbulbariatrics.com.tr\/wp-content\/uploads\/2024\/02\/1559741843-maliyerdel-228x300-1.png\" alt=\"\" width=\"264\" height=\"347\" srcset=\"https:\/\/mehmetaliyerdel.com\/wp-content\/uploads\/2024\/02\/1559741843-maliyerdel-228x300-1.png 228w, https:\/\/mehmetaliyerdel.com\/wp-content\/uploads\/2024\/02\/1559741843-maliyerdel-228x300-1-57x75.png 57w\" sizes=\"(max-width:767px) 264px, 264px\" \/>Prof. Yerdel yakla\u015f\u0131k 30 y\u0131ld\u0131r bu i\u015fin i\u00e7indedir ve 16 y\u0131ld\u0131r da \u0130stanbul\u2019da \u00e7ok yo\u011fun bi\u00e7imde laparoskopi, endoskopi, obezite cerrahisi, refl\u00fc ve akalazya tedavisi , mide hastal\u0131klar\u0131 \u00a0ile u\u011fra\u015fmakta olan deneyimli bir laparoskopik cerraht\u0131r. Endoskopi, laparoskopik cerrahi ve mide hastal\u0131klar\u0131 ile ilgili ilk temel e\u011fitimini 1990\u2019lar\u0131n ba\u015f\u0131nda Japonya\u2019da alm\u0131\u015ft\u0131r. Sonras\u0131nda, Ankara \u00dcniversitesi\u2019ndeki hocal\u0131k d\u00f6neminde binlerce olguda temel laparoskopi deneyimi kazand\u0131ktan sonra 1998\u2019de A.B.D. Yale \u00dcniversitesi\u2019nde \u201cadvanced laparoscopic skill acquisition program\u201d olarak bilinen ileri laparoskopik cerrahi e\u011fitimini tamamlam\u0131\u015ft\u0131r. O g\u00fcnden zaman\u0131m\u0131za dek ise ileri laparoskopik cerrahi, laparoskopik anti-refl\u00fc giri\u015fimler, laparoskopik akalazya cerrahisi, mide hastal\u0131klar\u0131 ve obezite cerrahisi ile u\u011fra\u015fmaktad\u0131r.<\/p><p>Prof. Yerdel obezite merkezimizi kurmadan 6 y\u0131l, \u00a0yo\u011fun bi\u00e7imde klinik deneyim kazanm\u0131\u015ft\u0131r. \u00a0\u0130leri laparoskopi ve obezite\/bariatrik cerrahi e\u011fitimlerini gitti\u011fi onlarca kursu saymaz isek \u00f6ncelikle A.B.D. New York\u2019taki birka\u00e7 merkezde alm\u0131\u015ft\u0131r. Orada bu hastalar\u0131n haz\u0131rlanmas\u0131, koordinasyonu, cerrahi teknik ve en \u00f6nemlisi ameliyat sonras\u0131 d\u00f6nemle ilgili temel e\u011fitimlerini tamamlanm\u0131\u015ft\u0131r.<\/p><\/div><\/div><\/div><\/div><\/div><\/div><div class=\"vc_row wpb_row vc_row-fluid\"><div class=\"wpb_column vc_column_container vc_col-sm-12\"><div class=\"vc_column-inner\"><div class=\"wpb_wrapper\"><div class=\"wpb_text_column wpb_content_element \"><div class=\"wpb_wrapper\"><p>New York Columbia \u00dcniversite\u2019sinden Prof. Mark Bessler\u2019e de bir te\u015fekk\u00fcr bor\u00e7luyuz. \u0130lk iki mide by-pass\u2019\u0131 ameliyat\u0131m\u0131z\u0131\u00a0gene 13 y\u0131l kadar \u00f6nce \u0130stanbul\u2019a gelerek ellerimizden tutarak bize yapt\u0131rm\u0131\u015ft\u0131r. Bunun sonras\u0131ndaki s\u00fcre\u00e7; s\u00fcrekli A.B.D. ve oradaki de\u011fi\u015fik merkez ve eksperlerle ileti\u015fim i\u00e7inde kalarak, defalarca New York, \u0130stanbul, Ankara \u00fc\u00e7geninde u\u00e7arak s\u00fcrm\u00fc\u015ft\u00fcr ve \u00e7ok yo\u011fun bir obezite cerrahisi deneyimi ile sonu\u00e7lanm\u0131\u015ft\u0131r.<\/p><\/div><\/div><\/div><\/div><\/div><\/div>\t\t\t\t\t\t\t\t<\/div>\n\t\t\t\t\t<\/div>\n\t\t<\/div>\n\t\t\t\t\t<\/div>\n\t\t<\/section>\n\t\t\t\t<section class=\"elementor-section elementor-inner-section elementor-element elementor-element-38b994f elementor-section-boxed elementor-section-height-default elementor-section-height-default\" data-id=\"38b994f\" data-element_type=\"section\">\n\t\t\t\t\t\t<div class=\"elementor-container elementor-column-gap-default\">\n\t\t\t\t\t<div class=\"elementor-column elementor-col-25 elementor-inner-column elementor-element elementor-element-f5743e7\" data-id=\"f5743e7\" data-element_type=\"column\">\n\t\t\t<div class=\"elementor-widget-wrap\">\n\t\t\t\t\t\t\t<\/div>\n\t\t<\/div>\n\t\t\t\t<div class=\"elementor-column elementor-col-25 elementor-inner-column elementor-element elementor-element-d21a927\" data-id=\"d21a927\" data-element_type=\"column\">\n\t\t\t<div class=\"elementor-widget-wrap\">\n\t\t\t\t\t\t\t<\/div>\n\t\t<\/div>\n\t\t\t\t<div class=\"elementor-column elementor-col-25 elementor-inner-column elementor-element elementor-element-c21a76e\" data-id=\"c21a76e\" data-element_type=\"column\">\n\t\t\t<div class=\"elementor-widget-wrap elementor-element-populated\">\n\t\t\t\t\t\t<div class=\"elementor-element elementor-element-2d2cf20 elementor-align-center elementor-widget elementor-widget-button\" data-id=\"2d2cf20\" data-element_type=\"widget\" data-widget_type=\"button.default\">\n\t\t\t\t\t\t\t\t\t\t<a class=\"elementor-button elementor-button-link elementor-size-sm\" href=\"https:\/\/orcid.org\/0000-0002-4044-076X\" target=\"_blank\">\n\t\t\t\t\t\t<span class=\"elementor-button-content-wrapper\">\n\t\t\t\t\t\t\t\t\t<span class=\"elementor-button-text\">ID<\/span>\n\t\t\t\t\t<\/span>\n\t\t\t\t\t<\/a>\n\t\t\t\t\t\t\t\t<\/div>\n\t\t\t\t\t<\/div>\n\t\t<\/div>\n\t\t\t\t<div class=\"elementor-column elementor-col-25 elementor-inner-column elementor-element elementor-element-d25890d\" data-id=\"d25890d\" data-element_type=\"column\">\n\t\t\t<div class=\"elementor-widget-wrap elementor-element-populated\">\n\t\t\t\t\t\t<div class=\"elementor-element elementor-element-ba01137 elementor-align-center elementor-widget elementor-widget-button\" data-id=\"ba01137\" data-element_type=\"widget\" data-widget_type=\"button.default\">\n\t\t\t\t\t\t\t\t\t\t<a class=\"elementor-button elementor-button-link elementor-size-sm\" href=\"https:\/\/istanbulbariatrics.com.tr\/wp-content\/uploads\/2024\/03\/english-cv-2023-September.pdf\" target=\"_blank\">\n\t\t\t\t\t\t<span class=\"elementor-button-content-wrapper\">\n\t\t\t\t\t\t\t\t\t<span class=\"elementor-button-text\">CV<\/span>\n\t\t\t\t\t<\/span>\n\t\t\t\t\t<\/a>\n\t\t\t\t\t\t\t\t<\/div>\n\t\t\t\t\t<\/div>\n\t\t<\/div>\n\t\t\t\t\t<\/div>\n\t\t<\/section>\n\t\t\t\t<section class=\"elementor-section elementor-inner-section elementor-element elementor-element-92f1eab elementor-section-boxed elementor-section-height-default elementor-section-height-default\" data-id=\"92f1eab\" data-element_type=\"section\">\n\t\t\t\t\t\t<div class=\"elementor-container elementor-column-gap-default\">\n\t\t\t\t\t<div class=\"elementor-column elementor-col-100 elementor-inner-column elementor-element elementor-element-a776d85\" data-id=\"a776d85\" data-element_type=\"column\">\n\t\t\t<div class=\"elementor-widget-wrap elementor-element-populated\">\n\t\t\t\t\t\t<div class=\"elementor-element elementor-element-75f8eb3 elementor-widget elementor-widget-mfn_gallery\" data-id=\"75f8eb3\" data-element_type=\"widget\" data-widget_type=\"mfn_gallery.default\">\n\t\t\t\t<div class=\"elementor-widget-container\">\n\t\t\t\t\t\n\t\t\t<style type='text\/css'>\n\t\t\t\t#sc_gallery-1 {\n\t\t\t\t\tmargin: auto;\n\t\t\t\t}\n\t\t\t\t#sc_gallery-1 .gallery-item {\n\t\t\t\t\tfloat: left;\n\t\t\t\t\ttext-align: center;\n\t\t\t\t\twidth: 33.33%;\n\t\t\t\t}\n\t\t\t\t#sc_gallery-1 img {\n\t\t\t\t\tborder: 2px solid #cfcfcf;\n\t\t\t\t}\n\t\t\t\t\/* see sc_gallery() in functions\/theme-shortcodes.php *\/\n\t\t\t<\/style>\n\t\t<div id='sc_gallery-1' class='gallery galleryid-435 gallery-columns-3 gallery-size-thumbnail file element_classes fancy'><dl class='gallery-item'  data-title='Yerdel_CEO' data-description=''><div class='gallery-item-wrapper'>\n\t\t\t\t<dt class='gallery-icon landscape'>\n\t\t\t\t\t<a href='https:\/\/mehmetaliyerdel.com\/wp-content\/uploads\/2024\/02\/Yerdel_CEO.jpg'><img decoding=\"async\" width=\"300\" height=\"215\" src=\"https:\/\/mehmetaliyerdel.com\/wp-content\/uploads\/2024\/02\/Yerdel_CEO-300x215.jpg\" class=\"attachment-thumbnail size-thumbnail\" alt=\"\" srcset=\"https:\/\/mehmetaliyerdel.com\/wp-content\/uploads\/2024\/02\/Yerdel_CEO-300x215.jpg 300w, https:\/\/mehmetaliyerdel.com\/wp-content\/uploads\/2024\/02\/Yerdel_CEO-500x358.jpg 500w, https:\/\/mehmetaliyerdel.com\/wp-content\/uploads\/2024\/02\/Yerdel_CEO-105x75.jpg 105w, https:\/\/mehmetaliyerdel.com\/wp-content\/uploads\/2024\/02\/Yerdel_CEO-480x343.jpg 480w, https:\/\/mehmetaliyerdel.com\/wp-content\/uploads\/2024\/02\/Yerdel_CEO.jpg 720w\" sizes=\"(max-width:767px) 300px, 300px\" \/><\/a>\n\t\t\t\t<\/dt><\/div><\/dl>\n\t\t\t\t<br style='clear: both' \/>\n\t\t\t<\/div>\n\t\t\t\t<\/div>\n\t\t\t\t<\/div>\n\t\t\t\t\t<\/div>\n\t\t<\/div>\n\t\t\t\t\t<\/div>\n\t\t<\/section>\n\t\t\t\t\t<\/div>\n\t\t<\/div>\n\t\t\t\t\t<\/div>\n\t\t<\/section>\n\t\t\t\t<section class=\"elementor-section elementor-top-section elementor-element elementor-element-ebd18f7 elementor-section-full_width elementor-section-stretched elementor-section-height-default elementor-section-height-default\" data-id=\"ebd18f7\" data-element_type=\"section\" data-settings=\"{&quot;stretch_section&quot;:&quot;section-stretched&quot;}\">\n\t\t\t\t\t\t<div class=\"elementor-container elementor-column-gap-wider\">\n\t\t\t\t\t<div class=\"elementor-column elementor-col-100 elementor-top-column elementor-element elementor-element-7e355455\" data-id=\"7e355455\" data-element_type=\"column\">\n\t\t\t<div class=\"elementor-widget-wrap elementor-element-populated\">\n\t\t\t\t\t\t<section class=\"elementor-section elementor-inner-section elementor-element elementor-element-3231962f elementor-section-boxed elementor-section-height-default elementor-section-height-default\" data-id=\"3231962f\" data-element_type=\"section\" data-settings=\"{&quot;background_background&quot;:&quot;classic&quot;}\">\n\t\t\t\t\t\t<div class=\"elementor-container elementor-column-gap-default\">\n\t\t\t\t\t<div class=\"elementor-column elementor-col-100 elementor-inner-column elementor-element elementor-element-216cf3b0\" data-id=\"216cf3b0\" data-element_type=\"column\" data-settings=\"{&quot;background_background&quot;:&quot;classic&quot;}\">\n\t\t\t<div class=\"elementor-widget-wrap elementor-element-populated\">\n\t\t\t\t\t\t<div class=\"elementor-element elementor-element-5644a21f elementor-widget elementor-widget-image\" data-id=\"5644a21f\" data-element_type=\"widget\" data-widget_type=\"image.default\">\n\t\t\t\t\t\t\t\t\t\t\t\t\t\t\t<img decoding=\"async\" src=\"https:\/\/istanbulbariatrics.com.tr\/wp-content\/uploads\/2022\/10\/bedoctor-icon4.svg\" title=\"\" alt=\"\" loading=\"lazy\" \/>\t\t\t\t\t\t\t\t\t\t\t\t\t\t\t<\/div>\n\t\t\t\t<div class=\"elementor-element elementor-element-6dbab967 elementor-widget elementor-widget-text-editor\" data-id=\"6dbab967\" data-element_type=\"widget\" data-widget_type=\"text-editor.default\">\n\t\t\t\t\t\t\t\t\t<p><strong>Ameliyat<\/strong>, size tek ba\u015f\u0131n\u0131za ba\u015faramayaca\u011f\u0131n\u0131z kilo hedefinize ula\u015fmaya yard\u0131m ediyor.<\/p><p>Bu ba\u015far\u0131y\u0131, sa\u011fl\u0131kl\u0131 bir \u015fekilde s\u00fcrd\u00fcrebilmenizde <strong><em>profesyonel ekibimiz<\/em><\/strong>, size <strong>\u00f6m\u00fcr boyu destek<\/strong> sunuyor.<\/p><p>Amac\u0131m\u0131z; sizi her daim sa\u011fl\u0131kl\u0131, <strong>mutlu<\/strong> ve <strong>fit<\/strong> g\u00f6rmek.<\/p>\t\t\t\t\t\t\t\t<\/div>\n\t\t\t\t\t<\/div>\n\t\t<\/div>\n\t\t\t\t\t<\/div>\n\t\t<\/section>\n\t\t\t\t\t<\/div>\n\t\t<\/div>\n\t\t\t\t\t<\/div>\n\t\t<\/section>\n\t\t\t\t<\/div>\n\t\t","protected":false},"excerpt":{"rendered":"<p>Mehmet Ali Yerdel Prof. Dr. \/ Kurucu Prof. Yerdel yakla\u015f\u0131k 30 y\u0131ld\u0131r bu i\u015fin i\u00e7indedir ve 16 y\u0131ld\u0131r da \u0130stanbul\u2019da \u00e7ok yo\u011fun bi\u00e7imde laparoskopi, endoskopi, obezite<span class=\"excerpt-hellip\"> [\u2026]<\/span><\/p>\n","protected":false},"author":1,"featured_media":0,"parent":287,"menu_order":0,"comment_status":"open","ping_status":"closed","template":"","meta":{"footnotes":""},"class_list":["post-435","page","type-page","status-publish","hentry"],"_links":{"self":[{"href":"https:\/\/mehmetaliyerdel.com\/index.php?rest_route=\/wp\/v2\/pages\/435","targetHints":{"allow":["GET"]}}],"collection":[{"href":"https:\/\/mehmetaliyerdel.com\/index.php?rest_route=\/wp\/v2\/pages"}],"about":[{"href":"https:\/\/mehmetaliyerdel.com\/index.php?rest_route=\/wp\/v2\/types\/page"}],"author":[{"embeddable":true,"href":"https:\/\/mehmetaliyerdel.com\/index.php?rest_route=\/wp\/v2\/users\/1"}],"replies":[{"embeddable":true,"href":"https:\/\/mehmetaliyerdel.com\/index.php?rest_route=%2Fwp%2Fv2%2Fcomments&post=435"}],"version-history":[{"count":0,"href":"https:\/\/mehmetaliyerdel.com\/index.php?rest_route=\/wp\/v2\/pages\/435\/revisions"}],"up":[{"embeddable":true,"href":"https:\/\/mehmetaliyerdel.com\/index.php?rest_route=\/wp\/v2\/pages\/287"}],"wp:attachment":[{"href":"https:\/\/mehmetaliyerdel.com\/index.php?rest_route=%2Fwp%2Fv2%2Fmedia&parent=435"}],"curies":[{"name":"wp","href":"https:\/\/api.w.org\/{rel}","templated":true}]}}