{"id":443,"date":"2024-02-29T19:43:56","date_gmt":"2024-02-29T19:43:56","guid":{"rendered":"https:\/\/istanbulbariatrics.com.tr\/?page_id=443"},"modified":"2024-02-29T19:43:56","modified_gmt":"2024-02-29T19:43:56","slug":"morbid-obezite-nedir","status":"publish","type":"page","link":"https:\/\/mehmetaliyerdel.com\/?page_id=443","title":{"rendered":"Morbid Obezite Nedir?"},"content":{"rendered":"\t\t<div data-elementor-type=\"wp-page\" data-elementor-id=\"443\" class=\"elementor elementor-443\">\n\t\t\t\t\t\t<section class=\"elementor-section elementor-top-section elementor-element elementor-element-d3806f7 elementor-section-full_width elementor-section-stretched elementor-section-height-default elementor-section-height-default\" data-id=\"d3806f7\" data-element_type=\"section\" data-settings=\"{&quot;stretch_section&quot;:&quot;section-stretched&quot;}\">\n\t\t\t\t\t\t<div class=\"elementor-container elementor-column-gap-wider\">\n\t\t\t\t\t<div class=\"elementor-column elementor-col-100 elementor-top-column elementor-element elementor-element-caf6059\" data-id=\"caf6059\" data-element_type=\"column\" data-settings=\"{&quot;background_background&quot;:&quot;classic&quot;}\">\n\t\t\t<div class=\"elementor-widget-wrap elementor-element-populated\">\n\t\t\t\t\t\t<section class=\"elementor-section elementor-inner-section elementor-element elementor-element-5d2b40f elementor-section-boxed elementor-section-height-default elementor-section-height-default\" data-id=\"5d2b40f\" data-element_type=\"section\">\n\t\t\t\t\t\t<div class=\"elementor-container elementor-column-gap-default\">\n\t\t\t\t\t<div class=\"elementor-column elementor-col-100 elementor-inner-column elementor-element elementor-element-c2850cc\" data-id=\"c2850cc\" data-element_type=\"column\">\n\t\t\t<div class=\"elementor-widget-wrap elementor-element-populated\">\n\t\t\t\t\t\t<div class=\"elementor-element elementor-element-db378e4 elementor-widget elementor-widget-heading\" data-id=\"db378e4\" data-element_type=\"widget\" data-widget_type=\"heading.default\">\n\t\t\t\t\t<h1 class=\"elementor-heading-title elementor-size-default\">Morbid <span style=\"color:#2B6CF5\">Obezite<\/span> Nedir?<\/h1>\t\t\t\t<\/div>\n\t\t\t\t<div class=\"elementor-element elementor-element-bfb7f23 elementor-widget elementor-widget-heading\" data-id=\"bfb7f23\" data-element_type=\"widget\" data-widget_type=\"heading.default\">\n\t\t\t\t\t<h3 class=\"elementor-heading-title elementor-size-default\">Obezite ve Morbid Obezite<\/h3>\t\t\t\t<\/div>\n\t\t\t\t<div class=\"elementor-element elementor-element-2c8f552 elementor-widget elementor-widget-heading\" data-id=\"2c8f552\" data-element_type=\"widget\" data-widget_type=\"heading.default\">\n\t\t\t\t\t<h4 class=\"elementor-heading-title elementor-size-default\">Obezite ve Morbid Obezite Nedir?<\/h4>\t\t\t\t<\/div>\n\t\t\t\t<div class=\"elementor-element elementor-element-5b2e0b9 elementor-widget__width-auto elementor-widget elementor-widget-text-editor\" data-id=\"5b2e0b9\" data-element_type=\"widget\" data-widget_type=\"text-editor.default\">\n\t\t\t\t\t\t\t\t\t<p>\u201c<strong><em>Obezite<\/em><\/strong>\u201d \u015fi\u015fmanl\u0131k demek olup kabaca; v\u00fccutta normalden fazla \u201cya\u011f\u201d birikmesi anlam\u0131na gelir. <strong><em>Obezitenin<\/em><\/strong> nedeni \u00f6zetle ; harcand\u0131\u011f\u0131ndan fazla kalori al\u0131nmas\u0131 ve bu kalorilerin ya\u011fa d\u00f6n\u00fc\u015ft\u00fcr\u00fclerek depolanmas\u0131d\u0131r.<\/p><p><strong><em>\u201cMorbid obezite\u201d<\/em><\/strong> kavram\u0131 ise; bir dizi hastal\u0131\u011fa yol a\u00e7arak ki\u015fiyi kar\u015f\u0131 kar\u015f\u0131ya b\u0131rakt\u0131\u011f\u0131 riskler neticesinde \u00f6l\u00fcmc\u00fcl problemler do\u011furabilen ve dolay\u0131s\u0131 ile ya\u015fam s\u00fcresini de bariz olarak k\u0131saltan d\u00fczeydeki a\u015f\u0131r\u0131 (\u201chastal\u0131kl\u0131\u201d) \u015fi\u015fmanl\u0131k olarak tan\u0131mlanabilir.<\/p>\t\t\t\t\t\t\t\t<\/div>\n\t\t<div class=\"elementor-element elementor-element-ac6cc0b e-flex e-con-boxed e-con e-parent\" data-id=\"ac6cc0b\" data-element_type=\"container\">\n\t\t\t\t\t<div class=\"e-con-inner\">\n\t\t\t\t<div class=\"elementor-element elementor-element-5d4d4e1 elementor-widget elementor-widget-video\" data-id=\"5d4d4e1\" data-element_type=\"widget\" data-settings=\"{&quot;youtube_url&quot;:&quot;https:\\\/\\\/youtu.be\\\/WchcL3PlAlQ&quot;,&quot;video_type&quot;:&quot;youtube&quot;,&quot;controls&quot;:&quot;yes&quot;}\" data-widget_type=\"video.default\">\n\t\t\t\t\t\t\t<div class=\"elementor-wrapper elementor-open-inline\">\n\t\t\t<div class=\"elementor-video\"><\/div>\t\t<\/div>\n\t\t\t\t\t\t<\/div>\n\t\t\t\t\t<\/div>\n\t\t\t\t<\/div>\n\t\t\t\t<div class=\"elementor-element elementor-element-e3f7d37 elementor-widget elementor-widget-heading\" data-id=\"e3f7d37\" data-element_type=\"widget\" data-widget_type=\"heading.default\">\n\t\t\t\t\t<h4 class=\"elementor-heading-title elementor-size-default\">Morbid Obezite Nas\u0131l Tan\u0131mlan\u0131r?<\/h4>\t\t\t\t<\/div>\n\t\t\t\t<div class=\"elementor-element elementor-element-b111283 elementor-widget__width-auto elementor-widget elementor-widget-text-editor\" data-id=\"b111283\" data-element_type=\"widget\" data-widget_type=\"text-editor.default\">\n\t\t\t\t\t\t\t\t\t<p><strong><em>Morbid obeziteyi<\/em><\/strong> tam anlam\u0131 ile bilimsel olarak a\u00e7\u0131klarsak \u00f6ncelikle D\u00fcnya Sa\u011fl\u0131k Te\u015fkilat\u0131 (WHO-World Health Organization) \u2018n\u0131n \u015fi\u015fmanl\u0131k tan\u0131mlamalar\u0131n\u0131 bilmek zorunday\u0131z. WHO \u015fi\u015fmanl\u0131\u011f\u0131; <a href=\"http:\/\/www.sismanlik-obezite.com\/morbid-obezite-genel-bilgiler\/vucut-kutle-indeksi-nedir-2\/\"><strong>V\u00fccut Kitle \u0130ndeksi (VK\u0130<\/strong>)<\/a> diye bilinen ve t\u00fcm okuyucular\u0131m\u0131z\u0131n da rahatl\u0131kla kullanabilecekleri basit bir hesaplama ile hem tan\u0131mlar ve hem de s\u0131n\u0131flara ay\u0131r\u0131r.<\/p><p><strong><b>Bilimsel olarak <a href=\"http:\/\/www.sismanlik-obezite.com\/morbid-obezite-genel-bilgiler\/vucut-kutle-indeksi-nedir-2\/\">VK\u0130<\/a>\u2019nin 40 \u2018\u0131n \u00fcst\u00fcnde olmas\u0131 \u201cmorbid obezite\u201d anlam\u0131na gelmektedir.<\/b><\/strong><\/p><p>VK\u0130 hesaplamas\u0131 ki\u015finin boyunu da bir fakt\u00f6r olarak i\u00e7erdi\u011finden t\u00fcm d\u00fcnyada \u015fi\u015fmanl\u0131ktan bahsederken kulland\u0131\u011f\u0131m\u0131z en basit form\u00fcld\u00fcr. Dolay\u0131s\u0131 ile bir insan\u0131n 110 kilo olmas\u0131 ya da bel \u00e7evresi \u00f6l\u00e7\u00fcmleri tek ba\u015f\u0131na o ki\u015finin morbid obez,\u00a0 hatta \u201c\u015fi\u015fman\u201d oldu\u011funu bile anlamam\u0131za yetmez. \u00c7\u00fcnk\u00fc o ki\u015fi e\u011fer 2 metre boyunda ise asl\u0131nda gene de normal kiloda olacakt\u0131r.<\/p>\t\t\t\t\t\t\t\t<\/div>\n\t\t\t\t\t<\/div>\n\t\t<\/div>\n\t\t\t\t\t<\/div>\n\t\t<\/section>\n\t\t\t\t\t<\/div>\n\t\t<\/div>\n\t\t\t\t\t<\/div>\n\t\t<\/section>\n\t\t\t\t<section class=\"elementor-section elementor-top-section elementor-element elementor-element-348abe58 elementor-section-full_width elementor-section-stretched elementor-section-height-default elementor-section-height-default\" data-id=\"348abe58\" data-element_type=\"section\" data-settings=\"{&quot;stretch_section&quot;:&quot;section-stretched&quot;}\">\n\t\t\t\t\t\t<div class=\"elementor-container elementor-column-gap-wider\">\n\t\t\t\t\t<div class=\"elementor-column elementor-col-100 elementor-top-column elementor-element elementor-element-60d75da6\" data-id=\"60d75da6\" data-element_type=\"column\">\n\t\t\t<div class=\"elementor-widget-wrap elementor-element-populated\">\n\t\t\t\t\t\t<section class=\"elementor-section elementor-inner-section elementor-element elementor-element-409105ee elementor-section-boxed elementor-section-height-default elementor-section-height-default\" data-id=\"409105ee\" data-element_type=\"section\" data-settings=\"{&quot;background_background&quot;:&quot;classic&quot;}\">\n\t\t\t\t\t\t<div class=\"elementor-container elementor-column-gap-default\">\n\t\t\t\t\t<div class=\"elementor-column elementor-col-100 elementor-inner-column elementor-element elementor-element-6a34d5f6\" data-id=\"6a34d5f6\" data-element_type=\"column\" data-settings=\"{&quot;background_background&quot;:&quot;classic&quot;}\">\n\t\t\t<div class=\"elementor-widget-wrap elementor-element-populated\">\n\t\t\t\t\t\t<div class=\"elementor-element elementor-element-5eda0253 elementor-widget elementor-widget-image\" data-id=\"5eda0253\" data-element_type=\"widget\" data-widget_type=\"image.default\">\n\t\t\t\t\t\t\t\t\t\t\t\t\t\t\t<img decoding=\"async\" src=\"https:\/\/istanbulbariatrics.com.tr\/wp-content\/uploads\/2022\/10\/bedoctor-icon4.svg\" title=\"\" alt=\"\" loading=\"lazy\" \/>\t\t\t\t\t\t\t\t\t\t\t\t\t\t\t<\/div>\n\t\t\t\t<div class=\"elementor-element elementor-element-a6c72b7 elementor-widget elementor-widget-text-editor\" data-id=\"a6c72b7\" data-element_type=\"widget\" data-widget_type=\"text-editor.default\">\n\t\t\t\t\t\t\t\t\t<p><strong>Ameliyat<\/strong>, size tek ba\u015f\u0131n\u0131za ba\u015faramayaca\u011f\u0131n\u0131z kilo hedefinize ula\u015fmaya yard\u0131m ediyor.<\/p><p>Bu ba\u015far\u0131y\u0131, sa\u011fl\u0131kl\u0131 bir \u015fekilde s\u00fcrd\u00fcrebilmenizde <strong><em>profesyonel ekibimiz<\/em><\/strong>, size <strong>\u00f6m\u00fcr boyu destek<\/strong> sunuyor.<\/p><p>Amac\u0131m\u0131z; sizi her daim sa\u011fl\u0131kl\u0131, <strong>mutlu<\/strong> ve <strong>fit<\/strong> g\u00f6rmek.<\/p>\t\t\t\t\t\t\t\t<\/div>\n\t\t\t\t\t<\/div>\n\t\t<\/div>\n\t\t\t\t\t<\/div>\n\t\t<\/section>\n\t\t\t\t\t<\/div>\n\t\t<\/div>\n\t\t\t\t\t<\/div>\n\t\t<\/section>\n\t\t\t\t<\/div>\n\t\t","protected":false},"excerpt":{"rendered":"<p>Morbid Obezite Nedir? Obezite ve Morbid Obezite Obezite ve Morbid Obezite Nedir? \u201cObezite\u201d \u015fi\u015fmanl\u0131k demek olup kabaca; v\u00fccutta normalden fazla \u201cya\u011f\u201d birikmesi anlam\u0131na gelir. Obezitenin nedeni<span class=\"excerpt-hellip\"> [\u2026]<\/span><\/p>\n","protected":false},"author":1,"featured_media":0,"parent":286,"menu_order":0,"comment_status":"open","ping_status":"closed","template":"","meta":{"footnotes":""},"class_list":["post-443","page","type-page","status-publish","hentry"],"_links":{"self":[{"href":"https:\/\/mehmetaliyerdel.com\/index.php?rest_route=\/wp\/v2\/pages\/443","targetHints":{"allow":["GET"]}}],"collection":[{"href":"https:\/\/mehmetaliyerdel.com\/index.php?rest_route=\/wp\/v2\/pages"}],"about":[{"href":"https:\/\/mehmetaliyerdel.com\/index.php?rest_route=\/wp\/v2\/types\/page"}],"author":[{"embeddable":true,"href":"https:\/\/mehmetaliyerdel.com\/index.php?rest_route=\/wp\/v2\/users\/1"}],"replies":[{"embeddable":true,"href":"https:\/\/mehmetaliyerdel.com\/index.php?rest_route=%2Fwp%2Fv2%2Fcomments&post=443"}],"version-history":[{"count":0,"href":"https:\/\/mehmetaliyerdel.com\/index.php?rest_route=\/wp\/v2\/pages\/443\/revisions"}],"up":[{"embeddable":true,"href":"https:\/\/mehmetaliyerdel.com\/index.php?rest_route=\/wp\/v2\/pages\/286"}],"wp:attachment":[{"href":"https:\/\/mehmetaliyerdel.com\/index.php?rest_route=%2Fwp%2Fv2%2Fmedia&parent=443"}],"curies":[{"name":"wp","href":"https:\/\/api.w.org\/{rel}","templated":true}]}}