{"id":552,"date":"2024-03-02T06:33:37","date_gmt":"2024-03-02T06:33:37","guid":{"rendered":"https:\/\/istanbulbariatrics.com.tr\/?page_id=552"},"modified":"2024-03-02T06:33:37","modified_gmt":"2024-03-02T06:33:37","slug":"mide-botoksu","status":"publish","type":"page","link":"https:\/\/mehmetaliyerdel.com\/?page_id=552","title":{"rendered":"Mide Botoksu"},"content":{"rendered":"\t\t<div data-elementor-type=\"wp-page\" data-elementor-id=\"552\" class=\"elementor elementor-552\">\n\t\t\t\t\t\t<section class=\"elementor-section elementor-top-section elementor-element elementor-element-d3806f7 elementor-section-full_width elementor-section-stretched elementor-section-height-default elementor-section-height-default\" data-id=\"d3806f7\" data-element_type=\"section\" data-settings=\"{&quot;stretch_section&quot;:&quot;section-stretched&quot;}\">\n\t\t\t\t\t\t<div class=\"elementor-container elementor-column-gap-wider\">\n\t\t\t\t\t<div class=\"elementor-column elementor-col-100 elementor-top-column elementor-element elementor-element-caf6059\" data-id=\"caf6059\" data-element_type=\"column\" data-settings=\"{&quot;background_background&quot;:&quot;classic&quot;}\">\n\t\t\t<div class=\"elementor-widget-wrap elementor-element-populated\">\n\t\t\t\t\t\t<section class=\"elementor-section elementor-inner-section elementor-element elementor-element-5d2b40f elementor-section-boxed elementor-section-height-default elementor-section-height-default\" data-id=\"5d2b40f\" data-element_type=\"section\">\n\t\t\t\t\t\t<div class=\"elementor-container elementor-column-gap-default\">\n\t\t\t\t\t<div class=\"elementor-column elementor-col-100 elementor-inner-column elementor-element elementor-element-c2850cc\" data-id=\"c2850cc\" data-element_type=\"column\">\n\t\t\t<div class=\"elementor-widget-wrap elementor-element-populated\">\n\t\t\t\t\t\t<div class=\"elementor-element elementor-element-db378e4 elementor-widget elementor-widget-heading\" data-id=\"db378e4\" data-element_type=\"widget\" data-widget_type=\"heading.default\">\n\t\t\t\t\t<h1 class=\"elementor-heading-title elementor-size-default\">Mide <span style=\"color:#2B6CF5\">Botoksu<\/span> Tedavisi<\/h1>\t\t\t\t<\/div>\n\t\t\t\t<div class=\"elementor-element elementor-element-88d1f89 elementor-widget elementor-widget-mfn_blockquote\" data-id=\"88d1f89\" data-element_type=\"widget\" data-widget_type=\"mfn_blockquote.default\">\n\t\t\t\t<div class=\"elementor-widget-container\">\n\t\t\t\t\t<div class=\"blockquote\"><span class=\"mfn-blockquote-icon\"><i class=\"icon-quote\" aria-hidden=\"true\"><\/i><\/span><blockquote class=\"mfn-inline-editor\">\u015ei\u015fmanl\u0131\u011f\u0131n tedavisinde kullan\u0131lan ve son zamanlarda pop\u00fclerli\u011fi artm\u0131\u015f olan bir y\u00f6ntemdir. Obez hastalarda cerrahi tedavinin bir alternatifi de\u011fildir.  <strong>Etkinli\u011fi bilimsel olarak etkinli\u011fi kan\u0131tlanmam\u0131\u015ft\u0131r<\/strong> ve deneysel bir y\u00f6ntem olarak de\u011ferlendirilmelidir.<\/blockquote><\/div>\n\t\t\t\t<\/div>\n\t\t\t\t<\/div>\n\t\t\t\t<div class=\"elementor-element elementor-element-a724182 elementor-widget elementor-widget-heading\" data-id=\"a724182\" data-element_type=\"widget\" data-widget_type=\"heading.default\">\n\t\t\t\t\t<h3 class=\"elementor-heading-title elementor-size-default\">ENDOSKOP\u0130K Y\u00d6NTEMLE M\u0130DE DUVARINA BOTUL\u0130NUM TOKS\u0130N\u0130 \u0130NJEKS\u0130YONU (M\u0130DE BOTOKSU)<\/h3>\t\t\t\t<\/div>\n\t\t\t\t<div class=\"elementor-element elementor-element-63b205a elementor-widget elementor-widget-heading\" data-id=\"63b205a\" data-element_type=\"widget\" data-widget_type=\"heading.default\">\n\t\t\t\t\t<h3 class=\"elementor-heading-title elementor-size-default\">Mide Duvar\u0131na Botolinum Toksini Enjeksiyonu Nedir?<\/h3>\t\t\t\t<\/div>\n\t\t\t\t<div class=\"elementor-element elementor-element-bbf9af5 elementor-widget elementor-widget-heading\" data-id=\"bbf9af5\" data-element_type=\"widget\" data-widget_type=\"heading.default\">\n\t\t\t\t\t<h4 class=\"elementor-heading-title elementor-size-default\">Neden Yap\u0131l\u0131r?<\/h4>\t\t\t\t<\/div>\n\t\t\t\t<div class=\"elementor-element elementor-element-5b2e0b9 elementor-widget elementor-widget-text-editor\" data-id=\"5b2e0b9\" data-element_type=\"widget\" data-widget_type=\"text-editor.default\">\n\t\t\t\t\t\t\t\t\t<p>\u015ei\u015fmanl\u0131\u011f\u0131n tedavisinde kullan\u0131lan ve son zamanlarda pop\u00fclerli\u011fi artm\u0131\u015f olan bir y\u00f6ntemdir. Obez hastalarda cerrahi tedavinin bir alternatifi de\u011fildir. \u00a0Etkinli\u011fi bilimsel olarak etkinli\u011fi kan\u0131tlanmam\u0131\u015ft\u0131r ve deneysel bir y\u00f6ntem olarak de\u011ferlendirilmelidir. <strong>VK\u0130\u2019si 25-30<\/strong> aras\u0131 hastalarda uygulanmal\u0131d\u0131r.<\/p><p>Botulinum toksini (Botoks) Klostridium botulinum isimli bakterinin salg\u0131lad\u0131\u011f\u0131 bir zehirdir. Kas i\u00e7ine direk olarak zerk edildi\u011fi takdirde o kasta <strong>3-6 ay s\u00fcreli<\/strong> ge\u00e7ici felce neden olur. Bu toksin bakteriden laboratuvar ortam\u0131nda ayr\u0131\u015ft\u0131r\u0131l\u0131p ila\u00e7 halinde haz\u0131rlan\u0131r ve v\u00fccudun \u00e7e\u015fitli b\u00f6lgelerinde tedavi ama\u00e7l\u0131 kullan\u0131l\u0131r. \u015ei\u015fmanl\u0131k tedavisi de bunlardan bir tanesi olup bu durumda toksin endoskopi rehberli\u011finde mide duvar\u0131na zerk edilir.<\/p><p>Tedavi edici (kilo verdirici) etkisinin mide duvar\u0131ndaki kaslarda olu\u015fturdu\u011fu ge\u00e7ici fel\u00e7 sayesinde midenin bo\u015falmas\u0131n\u0131 geciktirmesi ve bu sayede doygunluk hissinin uzun s\u00fcrmesini sa\u011flamas\u0131 sayesinde oldu\u011fu d\u00fc\u015f\u00fcn\u00fclmektedir. Bu etki, toksinin yap\u0131s\u0131 nedeni ile 3-6 ay kadar s\u00fcrer ve muhtemelen hastan\u0131n rahat diyet yapmas\u0131na katk\u0131 sa\u011flar. Toksinin etkisi yakla\u015f\u0131k 1 hafta sonra belirgin hale gelir ancak hastan\u0131n diyetine hemen i\u015flem sonras\u0131nda ba\u015flamas\u0131 gerekir. <span class=\"Apple-converted-space\">\u00a0<\/span><\/p>\t\t\t\t\t\t\t\t<\/div>\n\t\t<div class=\"elementor-element elementor-element-e3245f6 e-flex e-con-boxed e-con e-parent\" data-id=\"e3245f6\" data-element_type=\"container\">\n\t\t\t\t\t<div class=\"e-con-inner\">\n\t\t\t\t<div class=\"elementor-element elementor-element-87e5c7e elementor-widget elementor-widget-video\" data-id=\"87e5c7e\" data-element_type=\"widget\" data-settings=\"{&quot;youtube_url&quot;:&quot;https:\\\/\\\/youtu.be\\\/zaqiHf5TORM&quot;,&quot;video_type&quot;:&quot;youtube&quot;,&quot;controls&quot;:&quot;yes&quot;}\" data-widget_type=\"video.default\">\n\t\t\t\t\t\t\t<div class=\"elementor-wrapper elementor-open-inline\">\n\t\t\t<div class=\"elementor-video\"><\/div>\t\t<\/div>\n\t\t\t\t\t\t<\/div>\n\t\t\t\t\t<\/div>\n\t\t\t\t<\/div>\n\t\t\t\t<div class=\"elementor-element elementor-element-9fddf5b elementor-widget elementor-widget-heading\" data-id=\"9fddf5b\" data-element_type=\"widget\" data-widget_type=\"heading.default\">\n\t\t\t\t\t<h4 class=\"elementor-heading-title elementor-size-default\">Mide Botoksu Nas\u0131l Etki G\u00f6sterir?<\/h4>\t\t\t\t<\/div>\n\t\t\t\t<div class=\"elementor-element elementor-element-73d5f10 elementor-widget elementor-widget-heading\" data-id=\"73d5f10\" data-element_type=\"widget\" data-widget_type=\"heading.default\">\n\t\t\t\t\t<h5 class=\"elementor-heading-title elementor-size-default\">Ne Kadar Kilo Verdirir?<\/h5>\t\t\t\t<\/div>\n\t\t\t\t<div class=\"elementor-element elementor-element-3e1595e elementor-widget elementor-widget-text-editor\" data-id=\"3e1595e\" data-element_type=\"widget\" data-widget_type=\"text-editor.default\">\n\t\t\t\t\t\t\t\t\t<p>Tedavi edici (kilo verdirici) etkisi mide duvar\u0131ndaki kaslarda olu\u015fturdu\u011fu ge\u00e7ici fel\u00e7 sayesinde midenin bo\u015falmas\u0131n\u0131 geciktirmesi ve bu sayede doygunluk hissinin uzun s\u00fcrmesini sa\u011flamas\u0131 sayesinde olur. Hastalar bu etkiyi, eskisine g\u00f6re yeme g\u00fcd\u00fclerini daha rahat dizginleyebilme olarak tan\u0131mlamaktad\u0131rlar. \u00a0Bu etki, toksinin yap\u0131s\u0131 nedeni ile 3-6 ay kadar s\u00fcrer ve hastan\u0131n rahat diyet yapmas\u0131na katk\u0131 sa\u011flar. Toksinin etkisi yakla\u015f\u0131k 1 hafta sonra belirgin hale gelir ancak hastan\u0131n diyetine hemen i\u015flem sonras\u0131nda ba\u015flamas\u0131 gerekir. \u00d6ncelikle s\u0131v\u0131 olan diyet, 10 g\u00fcn i\u00e7inde normal (kat\u0131) diyete \u00e7evrilir ve diyete devam edilir. Toksinin etkisi ortadan kalkt\u0131ktan sonra da uygun beslenme program\u0131na devam edilmesi gerekmektedir, yoksa verilen kilolar geri al\u0131nabilir. Diyete uyum g\u00f6sterildi\u011fi takdirde, ba\u015far\u0131l\u0131 sonu\u00e7 al\u0131nm\u0131\u015f bir hastada yakla\u015f\u0131k 2 ay i\u00e7inde toplam v\u00fccut a\u011f\u0131rl\u0131\u011f\u0131n\u0131n % 15\u2019i kadar bir kilo kayb\u0131 sa\u011flayabilir.<\/p>\t\t\t\t\t\t\t\t<\/div>\n\t\t\t\t<div class=\"elementor-element elementor-element-90f309a elementor-widget elementor-widget-heading\" data-id=\"90f309a\" data-element_type=\"widget\" data-widget_type=\"heading.default\">\n\t\t\t\t\t<h4 class=\"elementor-heading-title elementor-size-default\">Mide Botoksu Nas\u0131l Yap\u0131l\u0131r?<\/h4>\t\t\t\t<\/div>\n\t\t\t\t<div class=\"elementor-element elementor-element-fea6d26 elementor-widget elementor-widget-text-editor\" data-id=\"fea6d26\" data-element_type=\"widget\" data-widget_type=\"text-editor.default\">\n\t\t\t\t\t\t\t\t\t<p>Mide duvar\u0131na botulinum toksini injeksiyonu, hasta sol yan\u0131na yatar pozisyonda iken, t\u00fcm hayati bulgular\u0131 g\u00f6zlenerek, bir anestezi uzman\u0131n\u0131n varl\u0131\u011f\u0131nda ve y\u00fczeyel bir genel anestezi verilerek yap\u0131l\u0131r. \u0130\u015flemden en az 6 saat \u00f6ncesinden itibaren kat\u0131 ya da s\u0131v\u0131 g\u0131da al\u0131m\u0131n\u0131n durdurulmas\u0131 istenir.<\/p><p>Endoskop ile mide i\u00e7ine girilir ve \u00f6nceden haz\u0131rlanm\u0131\u015f olan toksin, \u00f6zel bir i\u011fne arac\u0131l\u0131\u011f\u0131 ile mide duvar\u0131na zerk edilir, sonras\u0131nda i\u015flem sonland\u0131r\u0131l\u0131r. \u0130\u015flem 15 \u2013 20 dakika aras\u0131nda s\u00fcrer. Gastroskopi s\u0131ras\u0131nda hedef toksin injeksiyonunu yapmakt\u0131r ancak i\u015flem esnas\u0131nda mide i\u00e7inde bir sorun (polip, t\u00fcm\u00f6r, \u00fclser vb.) saptan\u0131rsa buna y\u00f6nelik giri\u015fim (biyopsi vb.) de yap\u0131labilir. \u0130\u015flem y\u00fczeyel bir genel anestezi alt\u0131nda yap\u0131ld\u0131\u011f\u0131ndan hasta hi\u00e7bir \u015fey hissetmez ve hat\u0131rlamaz.<\/p>\t\t\t\t\t\t\t\t<\/div>\n\t\t\t\t<div class=\"elementor-element elementor-element-2887cd9 elementor-widget elementor-widget-heading\" data-id=\"2887cd9\" data-element_type=\"widget\" data-widget_type=\"heading.default\">\n\t\t\t\t\t<h4 class=\"elementor-heading-title elementor-size-default\">Mide Botoksu Uygulamas\u0131n\u0131n Olas\u0131 Risk Ve Komplikasyonlar\u0131.<\/h4>\t\t\t\t<\/div>\n\t\t\t\t<div class=\"elementor-element elementor-element-a109b0c elementor-widget elementor-widget-text-editor\" data-id=\"a109b0c\" data-element_type=\"widget\" data-widget_type=\"text-editor.default\">\n\t\t\t\t\t\t\t\t\t<p>Yap\u0131lan \u00e7al\u0131\u015fmalar\u0131n tamam\u0131na yak\u0131n\u0131nda botulinum toksini injeksiyonu ile ilgili \u00f6nemli bir komplikasyon bildirilmemi\u015ftir. En \u00e7ok midede \u015fi\u015fkinlik ve gaz, ishal, bir s\u00fcre ila\u00e7 kullanmay\u0131 gerektirecek refl\u00fc \u015fikayetleri g\u00f6r\u00fclebilmektedir. Ancak, nadiren bir-iki hastada da olsa, D\u00fcnyada bu i\u015fleme ba\u011fl\u0131 olarak midenin tamam\u0131n\u0131n \u00e7\u0131kar\u0131lmas\u0131n\u0131 gerektirecek d\u00fczeyde mide kanlanmas\u0131n\u0131n bozulmas\u0131, bunun yan\u0131nda toksinin mide duvar\u0131ndan kar\u0131n i\u00e7ine ka\u00e7mas\u0131 sonucu kar\u0131n i\u00e7i infeksiyon geli\u015fmesi gibi ciddi komplikasyonlar bildirilmi\u015ftir. <strong>\u00d6zetle komplikasyon oran\u0131 \u201cs\u0131f\u0131r\u201d de\u011fildir.<\/strong><\/p>\t\t\t\t\t\t\t\t<\/div>\n\t\t\t\t<div class=\"elementor-element elementor-element-c282c4b elementor-widget elementor-widget-heading\" data-id=\"c282c4b\" data-element_type=\"widget\" data-widget_type=\"heading.default\">\n\t\t\t\t\t<h4 class=\"elementor-heading-title elementor-size-default\">Mide Botoksu Uygulamas\u0131n\u0131n Ba\u015far\u0131 Oran\u0131 Nedir, Biz Neden Uygulam\u0131yoruz?<\/h4>\t\t\t\t<\/div>\n\t\t\t\t<div class=\"elementor-element elementor-element-7353a2f elementor-widget elementor-widget-text-editor\" data-id=\"7353a2f\" data-element_type=\"widget\" data-widget_type=\"text-editor.default\">\n\t\t\t\t\t\t\t\t\t<p>Mide duvar\u0131na botoks uygulamas\u0131 diyet yapmay\u0131 kolayla\u015ft\u0131rmas\u0131 amac\u0131 ile baz\u0131 merkezlerde uygulanmaktad\u0131r. Bu zamana kadar bu i\u015flemle ilgili yap\u0131lm\u0131\u015f \u00e7al\u0131\u015fmalar sonucunda, mide duvar\u0131na botulinum toksini uygulamas\u0131n\u0131n bilimsel olarak \u015fi\u015fman hastalarda <strong>kal\u0131c\u0131 kilo verdirmede ba\u015far\u0131l\u0131 oldu\u011fu kan\u0131tlanamam\u0131\u015ft\u0131r<\/strong>. Sonu\u00e7lar\u0131 ba\u015far\u0131l\u0131 de\u011fildir, ayr\u0131ca <strong>hi\u00e7 kilo verememek<\/strong> de m\u00fcmk\u00fcnd\u00fcr. Bu nedenle, ayr\u0131ca nadir de olsa g\u00f6r\u00fclm\u00fc\u015f olan ciddi komplikasyonlar\u0131ndan dolay\u0131, klini\u011fimizde bu tedavi y\u00f6ntemini <strong>\u00f6nermemekte ve uygulamamaktay\u0131z.<\/strong> Uygulayan merkezler, daha \u00e7ok ameliyat aday\u0131 olmayan VK\u0130 25-30 aral\u0131\u011f\u0131ndaki <strong>\u201ckilolu\u201d<\/strong> hastalara \u00f6nermektedir.<\/p>\t\t\t\t\t\t\t\t<\/div>\n\t\t<div class=\"elementor-element elementor-element-e194cff e-flex e-con-boxed e-con e-parent\" data-id=\"e194cff\" data-element_type=\"container\">\n\t\t\t\t\t<div class=\"e-con-inner\">\n\t\t\t\t<div class=\"elementor-element elementor-element-4e410fe elementor-widget elementor-widget-video\" data-id=\"4e410fe\" data-element_type=\"widget\" data-settings=\"{&quot;youtube_url&quot;:&quot;https:\\\/\\\/youtu.be\\\/VgLVeZABVzI&quot;,&quot;video_type&quot;:&quot;youtube&quot;,&quot;controls&quot;:&quot;yes&quot;}\" data-widget_type=\"video.default\">\n\t\t\t\t\t\t\t<div class=\"elementor-wrapper elementor-open-inline\">\n\t\t\t<div class=\"elementor-video\"><\/div>\t\t<\/div>\n\t\t\t\t\t\t<\/div>\n\t\t\t\t\t<\/div>\n\t\t\t\t<\/div>\n\t\t\t\t\t<\/div>\n\t\t<\/div>\n\t\t\t\t\t<\/div>\n\t\t<\/section>\n\t\t\t\t\t<\/div>\n\t\t<\/div>\n\t\t\t\t\t<\/div>\n\t\t<\/section>\n\t\t\t\t<section class=\"elementor-section elementor-top-section elementor-element elementor-element-ab189cb elementor-section-full_width elementor-section-stretched elementor-section-height-default elementor-section-height-default\" data-id=\"ab189cb\" data-element_type=\"section\" data-settings=\"{&quot;stretch_section&quot;:&quot;section-stretched&quot;}\">\n\t\t\t\t\t\t<div class=\"elementor-container elementor-column-gap-wider\">\n\t\t\t\t\t<div class=\"elementor-column elementor-col-100 elementor-top-column elementor-element elementor-element-78a4080\" data-id=\"78a4080\" data-element_type=\"column\">\n\t\t\t<div class=\"elementor-widget-wrap elementor-element-populated\">\n\t\t\t\t\t\t<section class=\"elementor-section elementor-inner-section elementor-element elementor-element-63e8ab9 elementor-section-boxed elementor-section-height-default elementor-section-height-default\" data-id=\"63e8ab9\" data-element_type=\"section\">\n\t\t\t\t\t\t<div class=\"elementor-container elementor-column-gap-default\">\n\t\t\t\t\t<div class=\"elementor-column elementor-col-50 elementor-inner-column elementor-element elementor-element-e6fbc27\" data-id=\"e6fbc27\" data-element_type=\"column\">\n\t\t\t<div class=\"elementor-widget-wrap elementor-element-populated\">\n\t\t\t\t\t\t<div class=\"elementor-element elementor-element-b45c66c elementor-widget elementor-widget-image\" data-id=\"b45c66c\" data-element_type=\"widget\" data-widget_type=\"image.default\">\n\t\t\t\t\t\t\t\t\t\t\t\t\t\t\t<img fetchpriority=\"high\" decoding=\"async\" width=\"780\" height=\"886\" src=\"https:\/\/mehmetaliyerdel.com\/wp-content\/uploads\/2024\/02\/office_new.jpg\" class=\"attachment-full size-full wp-image-298\" alt=\"\" srcset=\"https:\/\/mehmetaliyerdel.com\/wp-content\/uploads\/2024\/02\/office_new.jpg 780w, https:\/\/mehmetaliyerdel.com\/wp-content\/uploads\/2024\/02\/office_new-440x500.jpg 440w, https:\/\/mehmetaliyerdel.com\/wp-content\/uploads\/2024\/02\/office_new-264x300.jpg 264w, https:\/\/mehmetaliyerdel.com\/wp-content\/uploads\/2024\/02\/office_new-768x872.jpg 768w, https:\/\/mehmetaliyerdel.com\/wp-content\/uploads\/2024\/02\/office_new-66x75.jpg 66w, https:\/\/mehmetaliyerdel.com\/wp-content\/uploads\/2024\/02\/office_new-480x545.jpg 480w\" sizes=\"(max-width:767px) 480px, (max-width:780px) 100vw, 780px\" \/>\t\t\t\t\t\t\t\t\t\t\t\t\t\t\t<\/div>\n\t\t\t\t\t<\/div>\n\t\t<\/div>\n\t\t\t\t<div class=\"elementor-column elementor-col-50 elementor-inner-column elementor-element elementor-element-37d0784\" data-id=\"37d0784\" data-element_type=\"column\" data-settings=\"{&quot;background_background&quot;:&quot;classic&quot;}\">\n\t\t\t<div class=\"elementor-widget-wrap elementor-element-populated\">\n\t\t\t\t\t\t<div class=\"elementor-element elementor-element-286272c elementor-position-top elementor-widget elementor-widget-image-box\" data-id=\"286272c\" data-element_type=\"widget\" data-widget_type=\"image-box.default\">\n\t\t\t\t\t<div class=\"elementor-image-box-wrapper\"><figure class=\"elementor-image-box-img\"><img decoding=\"async\" src=\"https:\/\/istanbulbariatrics.com.tr\/wp-content\/uploads\/2022\/10\/bedoctor-icon-pin_el.svg\" title=\"\" alt=\"\" loading=\"lazy\" \/><\/figure><div class=\"elementor-image-box-content\"><h3 class=\"elementor-image-box-title\">Yeni hayat\u0131n\u0131z\u0131n alt\u0131n anahtar\u0131 i\u00e7in bizi ziyaret edin!<\/h3><\/div><\/div>\t\t\t\t<\/div>\n\t\t\t\t<div class=\"elementor-element elementor-element-10af213 elementor-widget__width-initial elementor-widget elementor-widget-heading\" data-id=\"10af213\" data-element_type=\"widget\" data-widget_type=\"heading.default\">\n\t\t\t\t\t<h5 class=\"elementor-heading-title elementor-size-default\">Fulya Mah., Ye\u015fil\u00e7imen Sok.,\nAc\u0131badem Fulya Hastanesi Kar\u015f\u0131s\u0131 Polat Tower \nNo:12 \u015ei\u015fli \u2013 \u0130stanbul<\/h5>\t\t\t\t<\/div>\n\t\t\t\t<div class=\"elementor-element elementor-element-8850380 elementor-mobile-align-center elementor-widget-tablet__width-inherit elementor-align-center elementor-widget elementor-widget-button\" data-id=\"8850380\" data-element_type=\"widget\" data-widget_type=\"button.default\">\n\t\t\t\t\t\t\t\t\t\t<a class=\"elementor-button elementor-button-link elementor-size-sm\" href=\"https:\/\/istanbulbariatrics.com.tr\/contact\/\">\n\t\t\t\t\t\t<span class=\"elementor-button-content-wrapper\">\n\t\t\t\t\t\t\t\t\t<span class=\"elementor-button-text\">Randevu Planla<\/span>\n\t\t\t\t\t<\/span>\n\t\t\t\t\t<\/a>\n\t\t\t\t\t\t\t\t<\/div>\n\t\t\t\t\t<\/div>\n\t\t<\/div>\n\t\t\t\t\t<\/div>\n\t\t<\/section>\n\t\t\t\t\t<\/div>\n\t\t<\/div>\n\t\t\t\t\t<\/div>\n\t\t<\/section>\n\t\t\t\t<section class=\"elementor-section elementor-top-section elementor-element elementor-element-75ed034 elementor-section-full_width elementor-section-stretched elementor-section-height-default elementor-section-height-default\" data-id=\"75ed034\" data-element_type=\"section\" data-settings=\"{&quot;stretch_section&quot;:&quot;section-stretched&quot;}\">\n\t\t\t\t\t\t<div class=\"elementor-container elementor-column-gap-wider\">\n\t\t\t\t\t<div class=\"elementor-column elementor-col-100 elementor-top-column elementor-element elementor-element-edefe90\" data-id=\"edefe90\" data-element_type=\"column\">\n\t\t\t<div class=\"elementor-widget-wrap elementor-element-populated\">\n\t\t\t\t\t\t<section class=\"elementor-section elementor-inner-section elementor-element elementor-element-2047f42 elementor-section-boxed elementor-section-height-default elementor-section-height-default\" data-id=\"2047f42\" data-element_type=\"section\" data-settings=\"{&quot;background_background&quot;:&quot;classic&quot;}\">\n\t\t\t\t\t\t<div class=\"elementor-container elementor-column-gap-default\">\n\t\t\t\t\t<div class=\"elementor-column elementor-col-100 elementor-inner-column elementor-element elementor-element-05a93b4\" data-id=\"05a93b4\" data-element_type=\"column\" data-settings=\"{&quot;background_background&quot;:&quot;classic&quot;}\">\n\t\t\t<div class=\"elementor-widget-wrap elementor-element-populated\">\n\t\t\t\t\t\t<div class=\"elementor-element elementor-element-d9b35d2 elementor-widget elementor-widget-image\" data-id=\"d9b35d2\" data-element_type=\"widget\" data-widget_type=\"image.default\">\n\t\t\t\t\t\t\t\t\t\t\t\t\t\t\t<img decoding=\"async\" src=\"https:\/\/istanbulbariatrics.com.tr\/wp-content\/uploads\/2022\/10\/bedoctor-icon4.svg\" title=\"\" alt=\"\" loading=\"lazy\" \/>\t\t\t\t\t\t\t\t\t\t\t\t\t\t\t<\/div>\n\t\t\t\t<div class=\"elementor-element elementor-element-aef1825 elementor-widget__width-initial elementor-widget elementor-widget-heading\" data-id=\"aef1825\" data-element_type=\"widget\" data-widget_type=\"heading.default\">\n\t\t\t\t\t<h3 class=\"elementor-heading-title elementor-size-default\"><span style=\"color:#FFE8DA\">Obezite <\/span> hastal\u0131\u011f\u0131n\u0131n tedavisinde yaln\u0131z de\u011filsiniz...<\/h3>\t\t\t\t<\/div>\n\t\t\t\t<div class=\"elementor-element elementor-element-68d598b elementor-mobile-align-center elementor-widget-tablet__width-inherit elementor-align-center elementor-widget elementor-widget-button\" data-id=\"68d598b\" data-element_type=\"widget\" data-widget_type=\"button.default\">\n\t\t\t\t\t\t\t\t\t\t<a class=\"elementor-button elementor-button-link elementor-size-sm\" href=\"https:\/\/istanbulbariatrics.com.tr\/contact\/\">\n\t\t\t\t\t\t<span class=\"elementor-button-content-wrapper\">\n\t\t\t\t\t\t\t\t\t<span class=\"elementor-button-text\">Bize Ula\u015f\u0131n<\/span>\n\t\t\t\t\t<\/span>\n\t\t\t\t\t<\/a>\n\t\t\t\t\t\t\t\t<\/div>\n\t\t\t\t\t<\/div>\n\t\t<\/div>\n\t\t\t\t\t<\/div>\n\t\t<\/section>\n\t\t\t\t\t<\/div>\n\t\t<\/div>\n\t\t\t\t\t<\/div>\n\t\t<\/section>\n\t\t\t\t<\/div>\n\t\t","protected":false},"excerpt":{"rendered":"<p>Mide Botoksu Tedavisi \u015ei\u015fmanl\u0131\u011f\u0131n tedavisinde kullan\u0131lan ve son zamanlarda pop\u00fclerli\u011fi artm\u0131\u015f olan bir y\u00f6ntemdir. Obez hastalarda cerrahi tedavinin bir alternatifi de\u011fildir. Etkinli\u011fi bilimsel olarak etkinli\u011fi kan\u0131tlanmam\u0131\u015ft\u0131r<span class=\"excerpt-hellip\"> [\u2026]<\/span><\/p>\n","protected":false},"author":1,"featured_media":0,"parent":475,"menu_order":0,"comment_status":"open","ping_status":"closed","template":"","meta":{"footnotes":""},"class_list":["post-552","page","type-page","status-publish","hentry"],"_links":{"self":[{"href":"https:\/\/mehmetaliyerdel.com\/index.php?rest_route=\/wp\/v2\/pages\/552","targetHints":{"allow":["GET"]}}],"collection":[{"href":"https:\/\/mehmetaliyerdel.com\/index.php?rest_route=\/wp\/v2\/pages"}],"about":[{"href":"https:\/\/mehmetaliyerdel.com\/index.php?rest_route=\/wp\/v2\/types\/page"}],"author":[{"embeddable":true,"href":"https:\/\/mehmetaliyerdel.com\/index.php?rest_route=\/wp\/v2\/users\/1"}],"replies":[{"embeddable":true,"href":"https:\/\/mehmetaliyerdel.com\/index.php?rest_route=%2Fwp%2Fv2%2Fcomments&post=552"}],"version-history":[{"count":0,"href":"https:\/\/mehmetaliyerdel.com\/index.php?rest_route=\/wp\/v2\/pages\/552\/revisions"}],"up":[{"embeddable":true,"href":"https:\/\/mehmetaliyerdel.com\/index.php?rest_route=\/wp\/v2\/pages\/475"}],"wp:attachment":[{"href":"https:\/\/mehmetaliyerdel.com\/index.php?rest_route=%2Fwp%2Fv2%2Fmedia&parent=552"}],"curies":[{"name":"wp","href":"https:\/\/api.w.org\/{rel}","templated":true}]}}