{"id":783,"date":"2024-03-02T07:34:53","date_gmt":"2024-03-02T07:34:53","guid":{"rendered":"https:\/\/istanbulbariatrics.com.tr\/?page_id=783"},"modified":"2025-08-06T08:14:57","modified_gmt":"2025-08-06T08:14:57","slug":"vucut-kitle-indeksi-hesaplama","status":"publish","type":"page","link":"https:\/\/mehmetaliyerdel.com\/?page_id=783","title":{"rendered":"V\u00fccut Kitle \u0130ndeksi Hesaplama"},"content":{"rendered":"\t\t<div data-elementor-type=\"wp-page\" data-elementor-id=\"783\" class=\"elementor elementor-783\">\n\t\t\t\t\t\t<section class=\"elementor-section elementor-top-section elementor-element elementor-element-d3806f7 elementor-section-full_width elementor-section-stretched elementor-section-height-default elementor-section-height-default\" data-id=\"d3806f7\" data-element_type=\"section\" data-settings=\"{&quot;stretch_section&quot;:&quot;section-stretched&quot;}\">\n\t\t\t\t\t\t<div class=\"elementor-container elementor-column-gap-wider\">\n\t\t\t\t\t<div class=\"elementor-column elementor-col-100 elementor-top-column elementor-element elementor-element-caf6059\" data-id=\"caf6059\" data-element_type=\"column\" data-settings=\"{&quot;background_background&quot;:&quot;classic&quot;}\">\n\t\t\t<div class=\"elementor-widget-wrap elementor-element-populated\">\n\t\t\t\t\t\t<section class=\"elementor-section elementor-inner-section elementor-element elementor-element-5d2b40f elementor-section-boxed elementor-section-height-default elementor-section-height-default\" data-id=\"5d2b40f\" data-element_type=\"section\">\n\t\t\t\t\t\t<div class=\"elementor-container elementor-column-gap-default\">\n\t\t\t\t\t<div class=\"elementor-column elementor-col-100 elementor-inner-column elementor-element elementor-element-c2850cc\" data-id=\"c2850cc\" data-element_type=\"column\">\n\t\t\t<div class=\"elementor-widget-wrap elementor-element-populated\">\n\t\t\t\t\t\t<div class=\"elementor-element elementor-element-db378e4 elementor-widget elementor-widget-heading\" data-id=\"db378e4\" data-element_type=\"widget\" data-widget_type=\"heading.default\">\n\t\t\t\t\t<h1 class=\"elementor-heading-title elementor-size-default\">V\u00fccut Kitle<span style=\"color:#2B6CF5\">\u0130ndeksi<\/span> <br \/>Hesaplama<\/h1>\t\t\t\t<\/div>\n\t\t\t\t<div class=\"elementor-element elementor-element-2c8f552 elementor-widget elementor-widget-heading\" data-id=\"2c8f552\" data-element_type=\"widget\" data-widget_type=\"heading.default\">\n\t\t\t\t\t<h4 class=\"elementor-heading-title elementor-size-default\">V\u00fccut Kitle \u0130ndeksi (VKI) Nedir?<\/h4>\t\t\t\t<\/div>\n\t\t\t\t<div class=\"elementor-element elementor-element-5b2e0b9 elementor-widget elementor-widget-text-editor\" data-id=\"5b2e0b9\" data-element_type=\"widget\" data-widget_type=\"text-editor.default\">\n\t\t\t\t\t\t\t\t\t<p>V\u00fccut kitle indeksi, kilogram cinsinden a\u011f\u0131rl\u0131k, metre cinsinden y\u00fcksekli\u011fin karesine b\u00f6l\u00fcnmesi ile elde edilen bir say\u0131d\u0131r.<\/p><p><em>VK\u0130 = kg cinsinden a\u011f\u0131rl\u0131k \/ metre cinsinden y\u00fcksekli\u011fin karesi<\/em><\/p><p>\u00d6rne\u011fin: 100 Kg a\u011f\u0131rl\u0131\u011f\u0131nda ve 2 metre y\u00fcksekli\u011finde iseniz, BMI\u2019niz 100\/4 = 25 olacakt\u0131r.<\/p><p>\u00a0<\/p>\t\t\t\t\t\t\t\t<\/div>\n\t\t\t\t<div class=\"elementor-element elementor-element-ad0d2be elementor-widget elementor-widget-shortcode\" data-id=\"ad0d2be\" data-element_type=\"widget\" data-widget_type=\"shortcode.default\">\n\t\t\t\t\t<script type=\"text\/javascript\">window[\"ccb_front_template_1408\"] = [];<\/script>\t\t<div class=\"elementor-shortcode\">\n<div class=\"ccb-main-widget \" id=\"ccb_app_1408\" data-calc-id=\"1408\"><\/div>\n<\/div>\n\t\t\t\t\t\t<\/div>\n\t\t\t\t<div class=\"elementor-element elementor-element-4e88e1d elementor-widget elementor-widget-text-editor\" data-id=\"4e88e1d\" data-element_type=\"widget\" data-widget_type=\"text-editor.default\">\n\t\t\t\t\t\t\t\t\t<h6><strong>DS\u00d6 (D\u00fcnya Sa\u011fl\u0131k \u00d6rg\u00fct\u00fc) VK\u0130\u2019nize g\u00f6re Obezitenin S\u0131n\u0131fland\u0131r\u0131lmas\u0131:<\/strong><\/h6><p>\u00a0<\/p><table class=\"tg\"><thead><tr><th class=\"tg-0lax\">V\u00dcCUT K\u0130TLE \u0130NDEKS\u0130<\/th><th class=\"tg-0lax\">SINIFLANDIRMA<\/th><\/tr><\/thead><tbody><tr><td class=\"tg-0lax\">20-25 ARASI<\/td><td class=\"tg-0lax\"><strong>NORMAL K\u0130LOLU<\/strong><\/td><\/tr><tr><td class=\"tg-0lax\">25-30 ARASI<\/td><td class=\"tg-0lax\"><strong>A\u015eIRI K\u0130LOLU<\/strong><\/td><\/tr><tr><td class=\"tg-0lax\">30-35 ARASI<\/td><td class=\"tg-0lax\"><strong>SINIF 1 OBEZ<\/strong><\/td><\/tr><tr><td class=\"tg-0lax\">35-40 ARASI<\/td><td class=\"tg-0lax\"><strong>SINIF 2 OBEZ<\/strong><\/td><\/tr><tr><td class=\"tg-0lax\">40 \u00dcZER\u0130<\/td><td class=\"tg-0lax\"><strong>MORB\u0130D OBEZ<\/strong><\/td><\/tr><tr><td class=\"tg-0lax\">50 \u00dcZER\u0130<\/td><td class=\"tg-0lax\"><strong>S\u00dcPER OBEZ<\/strong><\/td><\/tr><tr><td class=\"tg-0lax\">60 \u00dcZER\u0130<\/td><td class=\"tg-0lax\"><strong>S\u00dcPER S\u00dcPER OBEZ<\/strong><\/td><\/tr><\/tbody><\/table>\t\t\t\t\t\t\t\t<\/div>\n\t\t\t\t\t<\/div>\n\t\t<\/div>\n\t\t\t\t\t<\/div>\n\t\t<\/section>\n\t\t\t\t\t<\/div>\n\t\t<\/div>\n\t\t\t\t\t<\/div>\n\t\t<\/section>\n\t\t\t\t<section class=\"elementor-section elementor-top-section elementor-element elementor-element-7892e31 elementor-section-full_width elementor-section-stretched elementor-section-height-default elementor-section-height-default\" data-id=\"7892e31\" data-element_type=\"section\" data-settings=\"{&quot;stretch_section&quot;:&quot;section-stretched&quot;}\">\n\t\t\t\t\t\t<div class=\"elementor-container elementor-column-gap-wider\">\n\t\t\t\t\t<div class=\"elementor-column elementor-col-100 elementor-top-column elementor-element elementor-element-829d40a\" data-id=\"829d40a\" data-element_type=\"column\">\n\t\t\t<div class=\"elementor-widget-wrap elementor-element-populated\">\n\t\t\t\t\t\t<section class=\"elementor-section elementor-inner-section elementor-element elementor-element-132f4d30 elementor-section-boxed elementor-section-height-default elementor-section-height-default\" data-id=\"132f4d30\" data-element_type=\"section\" data-settings=\"{&quot;background_background&quot;:&quot;classic&quot;}\">\n\t\t\t\t\t\t<div class=\"elementor-container elementor-column-gap-default\">\n\t\t\t\t\t<div class=\"elementor-column elementor-col-100 elementor-inner-column elementor-element elementor-element-4d3c7859\" data-id=\"4d3c7859\" data-element_type=\"column\" data-settings=\"{&quot;background_background&quot;:&quot;classic&quot;}\">\n\t\t\t<div class=\"elementor-widget-wrap elementor-element-populated\">\n\t\t\t\t\t\t<div class=\"elementor-element elementor-element-72f5c314 elementor-widget elementor-widget-image\" data-id=\"72f5c314\" data-element_type=\"widget\" data-widget_type=\"image.default\">\n\t\t\t\t\t\t\t\t\t\t\t\t\t\t\t<img decoding=\"async\" src=\"https:\/\/istanbulbariatrics.com.tr\/wp-content\/uploads\/2022\/10\/bedoctor-icon4.svg\" title=\"\" alt=\"\" loading=\"lazy\" \/>\t\t\t\t\t\t\t\t\t\t\t\t\t\t\t<\/div>\n\t\t\t\t<div class=\"elementor-element elementor-element-500362e elementor-widget elementor-widget-text-editor\" data-id=\"500362e\" data-element_type=\"widget\" data-widget_type=\"text-editor.default\">\n\t\t\t\t\t\t\t\t\t<p><strong>Ameliyat<\/strong>, size tek ba\u015f\u0131n\u0131za ba\u015faramayaca\u011f\u0131n\u0131z kilo hedefinize ula\u015fmaya yard\u0131m ediyor.<\/p><p>Bu ba\u015far\u0131y\u0131, sa\u011fl\u0131kl\u0131 bir \u015fekilde s\u00fcrd\u00fcrebilmenizde <strong><em>profesyonel ekibimiz<\/em><\/strong>, size <strong>\u00f6m\u00fcr boyu destek<\/strong> sunuyor.<\/p><p>Amac\u0131m\u0131z; sizi her daim sa\u011fl\u0131kl\u0131, <strong>mutlu<\/strong> ve <strong>fit<\/strong> g\u00f6rmek.<\/p>\t\t\t\t\t\t\t\t<\/div>\n\t\t\t\t\t<\/div>\n\t\t<\/div>\n\t\t\t\t\t<\/div>\n\t\t<\/section>\n\t\t\t\t\t<\/div>\n\t\t<\/div>\n\t\t\t\t\t<\/div>\n\t\t<\/section>\n\t\t\t\t<\/div>\n\t\t","protected":false},"excerpt":{"rendered":"<p>V\u00fccut Kitle\u0130ndeksi Hesaplama V\u00fccut Kitle \u0130ndeksi (VKI) Nedir? V\u00fccut kitle indeksi, kilogram cinsinden a\u011f\u0131rl\u0131k, metre cinsinden y\u00fcksekli\u011fin karesine b\u00f6l\u00fcnmesi ile elde edilen bir say\u0131d\u0131r. VK\u0130 =<span class=\"excerpt-hellip\"> [\u2026]<\/span><\/p>\n","protected":false},"author":1,"featured_media":0,"parent":286,"menu_order":0,"comment_status":"open","ping_status":"closed","template":"","meta":{"footnotes":""},"class_list":["post-783","page","type-page","status-publish","hentry"],"_links":{"self":[{"href":"https:\/\/mehmetaliyerdel.com\/index.php?rest_route=\/wp\/v2\/pages\/783","targetHints":{"allow":["GET"]}}],"collection":[{"href":"https:\/\/mehmetaliyerdel.com\/index.php?rest_route=\/wp\/v2\/pages"}],"about":[{"href":"https:\/\/mehmetaliyerdel.com\/index.php?rest_route=\/wp\/v2\/types\/page"}],"author":[{"embeddable":true,"href":"https:\/\/mehmetaliyerdel.com\/index.php?rest_route=\/wp\/v2\/users\/1"}],"replies":[{"embeddable":true,"href":"https:\/\/mehmetaliyerdel.com\/index.php?rest_route=%2Fwp%2Fv2%2Fcomments&post=783"}],"version-history":[{"count":3,"href":"https:\/\/mehmetaliyerdel.com\/index.php?rest_route=\/wp\/v2\/pages\/783\/revisions"}],"predecessor-version":[{"id":1411,"href":"https:\/\/mehmetaliyerdel.com\/index.php?rest_route=\/wp\/v2\/pages\/783\/revisions\/1411"}],"up":[{"embeddable":true,"href":"https:\/\/mehmetaliyerdel.com\/index.php?rest_route=\/wp\/v2\/pages\/286"}],"wp:attachment":[{"href":"https:\/\/mehmetaliyerdel.com\/index.php?rest_route=%2Fwp%2Fv2%2Fmedia&parent=783"}],"curies":[{"name":"wp","href":"https:\/\/api.w.org\/{rel}","templated":true}]}}